{"id":388,"date":"2021-11-02T12:13:37","date_gmt":"2021-11-02T12:13:37","guid":{"rendered":"https:\/\/demo.zorentino.com\/?page_id=388"},"modified":"2025-08-10T14:25:15","modified_gmt":"2025-08-10T14:25:15","slug":"cancel-room-cleaning","status":"publish","type":"page","link":"https:\/\/marias-inn.gaeste-mappe.de\/en\/zimmerreinigung-abbestellen\/","title":{"rendered":"Cancel room cleaning"},"content":{"rendered":"\t\t<div data-elementor-type=\"wp-page\" data-elementor-id=\"388\" class=\"elementor elementor-388\" data-elementor-post-type=\"page\">\n\t\t\t\t\t\t<section class=\"elementor-section elementor-top-section elementor-element elementor-element-62cec5d8 elementor-section-boxed elementor-section-height-default elementor-section-height-default\" data-id=\"62cec5d8\" data-element_type=\"section\" data-e-type=\"section\" data-settings=\"{&quot;background_background&quot;:&quot;classic&quot;}\">\n\t\t\t\t\t\t<div class=\"elementor-container elementor-column-gap-default\">\n\t\t\t\t\t<div class=\"elementor-column elementor-col-100 elementor-top-column elementor-element elementor-element-5df51033\" data-id=\"5df51033\" data-element_type=\"column\" data-e-type=\"column\">\n\t\t\t<div class=\"elementor-widget-wrap elementor-element-populated\">\n\t\t\t\t\t\t<div class=\"elementor-element elementor-element-1e19c180 kopf elementor-icon-list--layout-traditional elementor-list-item-link-full_width elementor-widget elementor-widget-icon-list\" data-id=\"1e19c180\" data-element_type=\"widget\" data-e-type=\"widget\" data-widget_type=\"icon-list.default\">\n\t\t\t\t<div class=\"elementor-widget-container\">\n\t\t\t\t\t\t\t<ul class=\"elementor-icon-list-items\">\n\t\t\t\t\t\t\t<li class=\"elementor-icon-list-item\">\n\t\t\t\t\t\t\t\t\t\t\t<span class=\"elementor-icon-list-icon\">\n\t\t\t\t\t\t\t<svg xmlns=\"http:\/\/www.w3.org\/2000\/svg\" id=\"Layer_5\" height=\"512\" viewBox=\"0 0 59 58\" width=\"512\"><g><path d=\"m53.553 37.895 2.634 1.316c.501.251.813.756.813 1.317 0 .812-.66 1.472-1.472 1.472h-.528c-4.963 0-9-4.037-9-9h-2c0 6.065 4.935 11 11 11h.528c1.914 0 3.472-1.558 3.472-3.472 0-1.323-.735-2.514-1.919-3.106l-2.634-1.316z\"><\/path><path d=\"m34 4h2v2h-2z\"><\/path><path d=\"m19 6c0-.552-.448-1-1-1h-2c-.552 0-1 .448-1 1v2h4z\"><\/path><path d=\"m27.535 6-.695 1.043c-.55.824-.84 1.783-.84 2.773v4.184h6v-4c0-.552-.448-1-1-1h-1v-3z\"><\/path><path d=\"m27.829 4h2.342c.413-1.164 1.525-2 2.829-2h1v-1c0-.552-.448-1-1-1h-8c-.552 0-1 .448-1 1v1h1c1.304 0 2.416.836 2.829 2z\"><\/path><path d=\"m15 14h4c.552 0 1-.448 1-1v-2c0-.552-.448-1-1-1h-4c-.552 0-1 .448-1 1v2c0 .552.448 1 1 1z\"><\/path><path d=\"m38 28v2h2.101c-.066-.323-.101-.658-.101-1s.035-.677.101-1z\"><\/path><circle cx=\"45\" cy=\"29\" r=\"3\"><\/circle><path d=\"m23 18h17.002l-.002-2h-21-4-15v2h17z\"><\/path><path d=\"m48 1c0-.552-.448-1-1-1s-1 .448-1 1v23.101c.743.152 1.416.482 2 .924z\"><\/path><path d=\"m48 33c0 2.339 1.153 4.414 2.921 5.686l2.079-4.158v-2.528h-4.026c-.278.367-.609.69-.974.97z\"><\/path><path d=\"m38 43.618-1-.5v2.882h16v-.17c-6.219-.967-11-6.344-11-12.83v-.03c-.365-.28-.696-.603-.974-.97h-3.026z\"><\/path><path d=\"m16 40c.338 0 .671.018 1 .051v-20.051h-15v17c0 3.54 2.077 6.722 5.245 8.177 1.706-3.083 4.99-5.177 8.755-5.177zm-12-14h2v2h-2zm2.333 16.219c-1.482-1.328-2.333-3.231-2.333-5.219v-7h2v7c0 1.421.607 2.779 1.667 3.729z\"><\/path><path d=\"m19.858 51h-7.716c.447 1.721 1.999 3 3.858 3s3.411-1.279 3.858-3z\"><\/path><path d=\"m16 56c-2.967 0-5.431-2.167-5.91-5h-2.021c.495 3.94 3.859 7 7.931 7s7.436-3.06 7.931-7h-2.021c-.479 2.833-2.943 5-5.91 5z\"><\/path><path d=\"m31 26c-.552 0-1 .448-1 1v12.586l1 1 1.803-1.803 3.197 1.599v-13.382c0-.552-.448-1-1-1z\"><\/path><path d=\"m26 50c0 .685-.07 1.354-.202 2h32.202v-4h-32.202c.132.646.202 1.315.202 2z\"><\/path><path d=\"m16 42c-4.072 0-7.436 3.06-7.931 7h15.861c-.494-3.94-3.858-7-7.93-7z\"><\/path><path d=\"m56 30v-2h-6.101c.066.323.101.658.101 1s-.035.677-.101 1z\"><\/path><path d=\"m21 41.353v-21.353h-2v20.461c.705.223 1.372.527 2 .892z\"><\/path><path d=\"m55.964 7.264c.071-.262.038-.524-.097-.759-.133-.232-.347-.399-.602-.469-.538-.147-1.09.182-1.231.701l-4.034 14.791v4.472h.853z\"><\/path><\/g><\/svg>\t\t\t\t\t\t<\/span>\n\t\t\t\t\t\t\t\t\t\t<span class=\"elementor-icon-list-text\">Zimmerreinigung abbestellen<\/span>\n\t\t\t\t\t\t\t\t\t<\/li>\n\t\t\t\t\t\t<\/ul>\n\t\t\t\t\t\t<\/div>\n\t\t\t\t<\/div>\n\t\t\t\t\t<\/div>\n\t\t<\/div>\n\t\t\t\t\t<\/div>\n\t\t<\/section>\n\t\t\t\t<section class=\"elementor-section elementor-top-section elementor-element elementor-element-d2e86e9 elementor-section-boxed elementor-section-height-default elementor-section-height-default\" data-id=\"d2e86e9\" data-element_type=\"section\" data-e-type=\"section\">\n\t\t\t\t\t\t<div class=\"elementor-container elementor-column-gap-default\">\n\t\t\t\t\t<div class=\"elementor-column elementor-col-100 elementor-top-column elementor-element elementor-element-4a3329d\" data-id=\"4a3329d\" data-element_type=\"column\" data-e-type=\"column\">\n\t\t\t<div class=\"elementor-widget-wrap elementor-element-populated\">\n\t\t\t\t\t\t<div class=\"elementor-element elementor-element-29b6556 elementor-icon-list--layout-traditional elementor-list-item-link-full_width elementor-widget elementor-widget-icon-list\" data-id=\"29b6556\" data-element_type=\"widget\" data-e-type=\"widget\" data-widget_type=\"icon-list.default\">\n\t\t\t\t<div class=\"elementor-widget-container\">\n\t\t\t\t\t\t\t<ul class=\"elementor-icon-list-items\">\n\t\t\t\t\t\t\t<li class=\"elementor-icon-list-item\">\n\t\t\t\t\t\t\t\t\t\t\t<span class=\"elementor-icon-list-icon\">\n\t\t\t\t\t\t\t<svg xmlns=\"http:\/\/www.w3.org\/2000\/svg\" id=\"Layer_1\" viewBox=\"0 0 512 512\"><path clip-rule=\"evenodd\" d=\"m215.86 151.42c6.58 8.48 14.44 16.52 23.05 23.69 4.78-12.34 16.13-28.02 27.6-37.01 2.61-2.04 6.38-1.58 8.42 1.02 2.05 2.61 1.59 6.38-1.01 8.43-11.46 8.98-22.75 26.18-24.98 35.3 6.64 4.72 13.57 8.89 20.59 12.35-.08-12.11 2.92-22.87 9.49-34.54 1.63-2.89 5.29-3.91 8.18-2.29 2.88 1.63 3.91 5.28 2.28 8.17-6.49 11.52-8.79 21.55-7.69 33.9 4.21 1.54 8.42 2.81 12.57 3.73-4.35-31.36 2.72-60.18 21.01-85.67.08-.1.15-.2.23-.29l6.6-8.09c3.64-4.46 5.32-10.1 4.73-15.88s-3.37-10.97-7.83-14.6c-9.25-7.55-22.93-6.17-30.48 3.09l-6.6 8.09c-.08.1-.16.19-.24.28-21.31 23.05-48.1 35.76-79.71 37.8 1.75 3.88 3.83 7.74 6.18 11.57 12.32-1.4 21.69-5.68 31.67-14.35 2.5-2.17 6.29-1.91 8.46.6 2.18 2.5 1.91 6.29-.59 8.47-10.11 8.78-20.05 13.88-31.93 16.23zm2.92-100.87c0 4.18 3.4 7.58 7.58 7.58s7.58-3.4 7.58-7.58-3.4-7.58-7.58-7.58c-4.18.01-7.58 3.4-7.58 7.58zm-21.01 126.42c0-5.2-4.23-9.43-9.43-9.43-5.19 0-9.42 4.23-9.42 9.43s4.23 9.43 9.42 9.43c5.21 0 9.43-4.23 9.43-9.43zm135.73 0c0 5.2 4.23 9.43 9.43 9.43s9.43-4.23 9.43-9.43-4.23-9.43-9.43-9.43-9.43 4.23-9.43 9.43zm-272.29 314.47 13.28-39.5h-28.51v39.5zm376.38-39.51 13.28 39.5h15.22v-39.5zm28.5-34.91h-420.11v22.91h420.11zm-36.49-86.6h-346.25c-16.01 0-29.04 13.03-29.04 29.05v45.54h403.46v-46.42c0-15.53-12.65-28.17-28.17-28.17zm-205.13-23.6v-34.53c0-6.4-5.21-11.6-11.6-11.6h-78.01c-6.4 0-11.6 5.21-11.6 11.6v34.53c0 6.4 5.2 11.61 11.6 11.61h78.01c6.39-.01 11.6-5.21 11.6-11.61zm152.73-46.14h-78c-6.4 0-11.61 5.21-11.61 11.6v34.53c0 6.4 5.21 11.61 11.61 11.61h78c6.4 0 11.61-5.21 11.61-11.61v-34.53c-.01-6.39-5.21-11.6-11.61-11.6zm46.72-38.97v96.71h-26.17c1.94-3.43 3.06-7.39 3.06-11.61v-34.53c0-13.02-10.59-23.6-23.61-23.6h-78c-13.02 0-23.61 10.59-23.61 23.6v34.53c0 4.21 1.12 8.18 3.07 11.61h-45.24c1.94-3.43 3.06-7.39 3.06-11.61v-34.53c0-13.02-10.59-23.6-23.6-23.6h-78.01c-13.01 0-23.6 10.59-23.6 23.6v34.53c0 4.21 1.11 8.18 3.06 11.61h-26.17v-96.71c0-21.36 17.38-38.74 38.74-38.74h40.9c2.6 8.9 10.82 15.43 20.55 15.43 9.74 0 17.96-6.53 20.56-15.43h20.94c19.47 16.59 42.66 29.17 64.32 33.44.7.14 1.39.2 2.08.2 2.66 0 5.21-1.02 7.19-2.92 2.5-2.4 3.63-5.73 3.1-9.16-1.15-7.4-1.62-14.59-1.41-21.57h17.24c2.6 8.9 10.82 15.43 20.56 15.43 9.73 0 17.95-6.53 20.55-15.43h21.7c21.36.01 38.74 17.39 38.74 38.75zm-100.79-153.9 26.75-32.79c.73-.89 1.77-1.45 2.94-1.56 1.16-.12 2.29.22 3.19.94.89.73 1.44 1.77 1.56 2.93.12 1.17-.22 2.3-.94 3.19l-26.75 32.79c-1-1.05-2.05-2.05-3.19-2.97-1.14-.93-2.33-1.77-3.56-2.53z\" fill-rule=\"evenodd\"><\/path><\/svg>\t\t\t\t\t\t<\/span>\n\t\t\t\t\t\t\t\t\t\t<span class=\"elementor-icon-list-text\">Die Zimmerreinigung<\/span>\n\t\t\t\t\t\t\t\t\t<\/li>\n\t\t\t\t\t\t<\/ul>\n\t\t\t\t\t\t<\/div>\n\t\t\t\t<\/div>\n\t\t\t\t\t<\/div>\n\t\t<\/div>\n\t\t\t\t\t<\/div>\n\t\t<\/section>\n\t\t\t\t<section class=\"elementor-section elementor-top-section elementor-element elementor-element-ede93fe elementor-section-boxed elementor-section-height-default elementor-section-height-default\" data-id=\"ede93fe\" data-element_type=\"section\" data-e-type=\"section\">\n\t\t\t\t\t\t<div class=\"elementor-container elementor-column-gap-default\">\n\t\t\t\t\t<div class=\"elementor-column elementor-col-100 elementor-top-column elementor-element elementor-element-aea7f1e\" data-id=\"aea7f1e\" data-element_type=\"column\" data-e-type=\"column\">\n\t\t\t<div class=\"elementor-widget-wrap elementor-element-populated\">\n\t\t\t\t\t\t<div class=\"elementor-element elementor-element-dcb7b53 elementor-widget elementor-widget-text-editor\" data-id=\"dcb7b53\" data-element_type=\"widget\" data-e-type=\"widget\" data-widget_type=\"text-editor.default\">\n\t\t\t\t<div class=\"elementor-widget-container\">\n\t\t\t\t\t\t\t\t\t<ul><li>erfolgt t\u00e4glich zwischen 8 und 16 Uhr<\/li><li>sollten Sie bis nach 13 Uhr im Zimmer bleiben, kann an diesem Tag keine Reinigung stattfinden \u2013 vielen Dank f\u00fcr Ihr Verst\u00e4ndnis<\/li><li><strong>wenn Sie nicht gest\u00f6rt werden wollen oder der Umwelt etwas Gutes tun m\u00f6chten, h\u00e4ngen Sie einfach das entsprechende Schild au\u00dfen an die Zimmert\u00fcr oder f\u00fcllen Sie nachfolgendes Formular aus<\/strong><\/li><\/ul>\t\t\t\t\t\t\t\t<\/div>\n\t\t\t\t<\/div>\n\t\t\t\t\t<\/div>\n\t\t<\/div>\n\t\t\t\t\t<\/div>\n\t\t<\/section>\n\t\t\t\t<section class=\"elementor-section elementor-top-section elementor-element elementor-element-60b94523 elementor-section-boxed elementor-section-height-default elementor-section-height-default\" data-id=\"60b94523\" data-element_type=\"section\" data-e-type=\"section\">\n\t\t\t\t\t\t<div class=\"elementor-container elementor-column-gap-default\">\n\t\t\t\t\t<div class=\"elementor-column elementor-col-100 elementor-top-column elementor-element elementor-element-2e5a6784\" data-id=\"2e5a6784\" data-element_type=\"column\" data-e-type=\"column\">\n\t\t\t<div class=\"elementor-widget-wrap elementor-element-populated\">\n\t\t\t\t\t\t<div class=\"elementor-element elementor-element-3118889c elementor-icon-list--layout-traditional elementor-list-item-link-full_width elementor-widget elementor-widget-icon-list\" data-id=\"3118889c\" data-element_type=\"widget\" data-e-type=\"widget\" data-widget_type=\"icon-list.default\">\n\t\t\t\t<div class=\"elementor-widget-container\">\n\t\t\t\t\t\t\t<ul class=\"elementor-icon-list-items\">\n\t\t\t\t\t\t\t<li class=\"elementor-icon-list-item\">\n\t\t\t\t\t\t\t\t\t\t\t<span class=\"elementor-icon-list-icon\">\n\t\t\t\t\t\t\t<svg xmlns=\"http:\/\/www.w3.org\/2000\/svg\" id=\"Layer_1\" viewBox=\"0 0 512 512\"><path clip-rule=\"evenodd\" d=\"m215.86 151.42c6.58 8.48 14.44 16.52 23.05 23.69 4.78-12.34 16.13-28.02 27.6-37.01 2.61-2.04 6.38-1.58 8.42 1.02 2.05 2.61 1.59 6.38-1.01 8.43-11.46 8.98-22.75 26.18-24.98 35.3 6.64 4.72 13.57 8.89 20.59 12.35-.08-12.11 2.92-22.87 9.49-34.54 1.63-2.89 5.29-3.91 8.18-2.29 2.88 1.63 3.91 5.28 2.28 8.17-6.49 11.52-8.79 21.55-7.69 33.9 4.21 1.54 8.42 2.81 12.57 3.73-4.35-31.36 2.72-60.18 21.01-85.67.08-.1.15-.2.23-.29l6.6-8.09c3.64-4.46 5.32-10.1 4.73-15.88s-3.37-10.97-7.83-14.6c-9.25-7.55-22.93-6.17-30.48 3.09l-6.6 8.09c-.08.1-.16.19-.24.28-21.31 23.05-48.1 35.76-79.71 37.8 1.75 3.88 3.83 7.74 6.18 11.57 12.32-1.4 21.69-5.68 31.67-14.35 2.5-2.17 6.29-1.91 8.46.6 2.18 2.5 1.91 6.29-.59 8.47-10.11 8.78-20.05 13.88-31.93 16.23zm2.92-100.87c0 4.18 3.4 7.58 7.58 7.58s7.58-3.4 7.58-7.58-3.4-7.58-7.58-7.58c-4.18.01-7.58 3.4-7.58 7.58zm-21.01 126.42c0-5.2-4.23-9.43-9.43-9.43-5.19 0-9.42 4.23-9.42 9.43s4.23 9.43 9.42 9.43c5.21 0 9.43-4.23 9.43-9.43zm135.73 0c0 5.2 4.23 9.43 9.43 9.43s9.43-4.23 9.43-9.43-4.23-9.43-9.43-9.43-9.43 4.23-9.43 9.43zm-272.29 314.47 13.28-39.5h-28.51v39.5zm376.38-39.51 13.28 39.5h15.22v-39.5zm28.5-34.91h-420.11v22.91h420.11zm-36.49-86.6h-346.25c-16.01 0-29.04 13.03-29.04 29.05v45.54h403.46v-46.42c0-15.53-12.65-28.17-28.17-28.17zm-205.13-23.6v-34.53c0-6.4-5.21-11.6-11.6-11.6h-78.01c-6.4 0-11.6 5.21-11.6 11.6v34.53c0 6.4 5.2 11.61 11.6 11.61h78.01c6.39-.01 11.6-5.21 11.6-11.61zm152.73-46.14h-78c-6.4 0-11.61 5.21-11.61 11.6v34.53c0 6.4 5.21 11.61 11.61 11.61h78c6.4 0 11.61-5.21 11.61-11.61v-34.53c-.01-6.39-5.21-11.6-11.61-11.6zm46.72-38.97v96.71h-26.17c1.94-3.43 3.06-7.39 3.06-11.61v-34.53c0-13.02-10.59-23.6-23.61-23.6h-78c-13.02 0-23.61 10.59-23.61 23.6v34.53c0 4.21 1.12 8.18 3.07 11.61h-45.24c1.94-3.43 3.06-7.39 3.06-11.61v-34.53c0-13.02-10.59-23.6-23.6-23.6h-78.01c-13.01 0-23.6 10.59-23.6 23.6v34.53c0 4.21 1.11 8.18 3.06 11.61h-26.17v-96.71c0-21.36 17.38-38.74 38.74-38.74h40.9c2.6 8.9 10.82 15.43 20.55 15.43 9.74 0 17.96-6.53 20.56-15.43h20.94c19.47 16.59 42.66 29.17 64.32 33.44.7.14 1.39.2 2.08.2 2.66 0 5.21-1.02 7.19-2.92 2.5-2.4 3.63-5.73 3.1-9.16-1.15-7.4-1.62-14.59-1.41-21.57h17.24c2.6 8.9 10.82 15.43 20.56 15.43 9.73 0 17.95-6.53 20.55-15.43h21.7c21.36.01 38.74 17.39 38.74 38.75zm-100.79-153.9 26.75-32.79c.73-.89 1.77-1.45 2.94-1.56 1.16-.12 2.29.22 3.19.94.89.73 1.44 1.77 1.56 2.93.12 1.17-.22 2.3-.94 3.19l-26.75 32.79c-1-1.05-2.05-2.05-3.19-2.97-1.14-.93-2.33-1.77-3.56-2.53z\" fill-rule=\"evenodd\"><\/path><\/svg>\t\t\t\t\t\t<\/span>\n\t\t\t\t\t\t\t\t\t\t<span class=\"elementor-icon-list-text\">Jetzt die Zimmerreinigung abbestellen<\/span>\n\t\t\t\t\t\t\t\t\t<\/li>\n\t\t\t\t\t\t<\/ul>\n\t\t\t\t\t\t<\/div>\n\t\t\t\t<\/div>\n\t\t\t\t\t<\/div>\n\t\t<\/div>\n\t\t\t\t\t<\/div>\n\t\t<\/section>\n\t\t\t\t<section class=\"elementor-section elementor-top-section elementor-element elementor-element-70137163 elementor-section-boxed elementor-section-height-default elementor-section-height-default\" data-id=\"70137163\" data-element_type=\"section\" data-e-type=\"section\">\n\t\t\t\t\t\t<div class=\"elementor-container elementor-column-gap-default\">\n\t\t\t\t\t<div class=\"elementor-column elementor-col-100 elementor-top-column elementor-element elementor-element-669b41b1\" data-id=\"669b41b1\" data-element_type=\"column\" data-e-type=\"column\">\n\t\t\t<div class=\"elementor-widget-wrap elementor-element-populated\">\n\t\t\t\t\t\t<div class=\"elementor-element elementor-element-3be0ad91 elementor-widget elementor-widget-text-editor\" data-id=\"3be0ad91\" data-element_type=\"widget\" data-e-type=\"widget\" data-widget_type=\"text-editor.default\">\n\t\t\t\t<div class=\"elementor-widget-container\">\n\t\t\t\t\t\t\t\t\t<p class=\"Styled__DescriptionItem-sc-3koh9t-5 eHXOjf\">Egal, ob Sie sich angesichts der aktuellen Situation etwas mehr Privatsph\u00e4re in Ihrem Zimmer w\u00fcnschen oder der Natur Gutes tun m\u00f6chten \u2013 bei uns haben Sie die M\u00f6glichkeit, auf die t\u00e4gliche Zimmerreinigung zu verzichten.<\/p><p class=\"Styled__DescriptionItem-sc-3koh9t-5 eHXOjf\"><strong>F\u00fcllen Sie einfach bis 10 Uhr nachfolgendes Formular aus, um die Zimmerreinigung abzubestellen.<\/strong><\/p>\t\t\t\t\t\t\t\t<\/div>\n\t\t\t\t<\/div>\n\t\t\t\t\t<\/div>\n\t\t<\/div>\n\t\t\t\t\t<\/div>\n\t\t<\/section>\n\t\t\t\t<section class=\"elementor-section elementor-top-section elementor-element elementor-element-7bc51d74 elementor-section-boxed elementor-section-height-default elementor-section-height-default\" data-id=\"7bc51d74\" data-element_type=\"section\" data-e-type=\"section\">\n\t\t\t\t\t\t<div class=\"elementor-container elementor-column-gap-default\">\n\t\t\t\t\t<div class=\"elementor-column elementor-col-100 elementor-top-column elementor-element elementor-element-5cd60ff2\" data-id=\"5cd60ff2\" data-element_type=\"column\" data-e-type=\"column\">\n\t\t\t<div class=\"elementor-widget-wrap elementor-element-populated\">\n\t\t\t\t\t\t<div class=\"elementor-element elementor-element-ed673e8 elementor-widget elementor-widget-shortcode\" data-id=\"ed673e8\" data-element_type=\"widget\" data-e-type=\"widget\" data-widget_type=\"shortcode.default\">\n\t\t\t\t<div class=\"elementor-widget-container\">\n\t\t\t\t\t\t\t<div class=\"elementor-shortcode\"><div class=\"frm_forms  with_frm_style frm_style_formidable-style\" id=\"frm_form_4_container\" data-token=\"e95d4aa7faba3b28a6b2b56f1365105f\">\n<form enctype=\"multipart\/form-data\" method=\"post\" class=\"frm-show-form \" id=\"form_zimmerreinigung-abbestellen\" data-token=\"e95d4aa7faba3b28a6b2b56f1365105f\">\n<div class=\"frm_form_fields \">\n<fieldset>\n<legend class=\"frm_screen_reader\">Zimmerreinigung abbestellen<\/legend>\r\n\r\n<div class=\"frm_fields_container\">\n<input type=\"hidden\" name=\"frm_action\" value=\"create\" \/>\n<input type=\"hidden\" name=\"form_id\" value=\"4\" \/>\n<input type=\"hidden\" name=\"frm_hide_fields_4\" id=\"frm_hide_fields_4\" value=\"\" \/>\n<input type=\"hidden\" name=\"form_key\" value=\"zimmerreinigung-abbestellen\" \/>\n<input type=\"hidden\" name=\"item_meta[0]\" value=\"\" \/>\n<input type=\"hidden\" id=\"frm_submit_entry_4\" name=\"frm_submit_entry_4\" value=\"97a77784ab\" \/><input type=\"hidden\" name=\"_wp_http_referer\" value=\"\/en\/wp-json\/wp\/v2\/pages\/388\" \/><div id=\"frm_field_14_container\" class=\"frm_form_field form-field  frm_required_field frm_top_container frm_half\">\r\n\t<label for=\"field_2oluy\" id=\"field_2oluy_label\" class=\"frm_primary_label\">Vorname\r\n\t\t<span class=\"frm_required\" aria-hidden=\"true\">*<\/span>\r\n\t<\/label>\r\n\t<input type=\"text\" id=\"field_2oluy\" name=\"item_meta[14]\" value=\"\"  data-reqmsg=\"Vorname kann nicht leer sein.\" aria-required=\"true\" data-invmsg=\"Vorname ist ung\u00fcltig\" aria-invalid=\"false\"  \/>\r\n\t\r\n\t\r\n<\/div>\n<div id=\"frm_field_16_container\" class=\"frm_form_field form-field  frm_required_field frm_top_container frm_half\">\r\n\t<label for=\"field_66rcm\" id=\"field_66rcm_label\" class=\"frm_primary_label\">Name\r\n\t\t<span class=\"frm_required\" aria-hidden=\"true\">*<\/span>\r\n\t<\/label>\r\n\t<input type=\"text\" id=\"field_66rcm\" name=\"item_meta[16]\" value=\"\"  data-reqmsg=\"Name kann nicht leer sein.\" aria-required=\"true\" data-invmsg=\"Name ist ung\u00fcltig\" aria-invalid=\"false\"  \/>\r\n\t\r\n\t\r\n<\/div>\n<div id=\"frm_field_18_container\" class=\"frm_form_field form-field  frm_required_field frm_top_container frm_half\">\r\n\t<label for=\"field_jw22z\" id=\"field_jw22z_label\" class=\"frm_primary_label\">Zimmer\r\n\t\t<span class=\"frm_required\" aria-hidden=\"true\">*<\/span>\r\n\t<\/label>\r\n\t<input type=\"text\" id=\"field_jw22z\" name=\"item_meta[18]\" value=\"\"  data-reqmsg=\"Zimmer kann nicht leer sein.\" aria-required=\"true\" data-invmsg=\"Zimmer ist ung\u00fcltig\" aria-invalid=\"false\"  \/>\r\n\t\r\n\t\r\n<\/div>\n<div id=\"frm_field_17_container\" class=\"frm_form_field form-field  frm_required_field frm_top_container frm_half\">\r\n\t<label for=\"field_gjvi\" id=\"field_gjvi_label\" class=\"frm_primary_label\">E-Mail oder Telefon\r\n\t\t<span class=\"frm_required\" aria-hidden=\"true\">*<\/span>\r\n\t<\/label>\r\n\t<input type=\"text\" id=\"field_gjvi\" name=\"item_meta[17]\" value=\"\"  data-reqmsg=\"E-Mail oder Telefon kann nicht leer sein.\" aria-required=\"true\" data-invmsg=\"E-Mail oder Telefon ist ung\u00fcltig\" aria-invalid=\"false\"  \/>\r\n\t\r\n\t\r\n<\/div>\n<div id=\"frm_field_19_container\" class=\"frm_form_field form-field  frm_required_field frm_top_container vertical_radio\">\r\n\t<div  id=\"field_38jk3_label\" class=\"frm_primary_label\">Zimmerreinigung abbestellen\r\n\t\t<span class=\"frm_required\" aria-hidden=\"true\">*<\/span>\r\n\t<\/div>\r\n\t<div class=\"frm_opt_container\" aria-labelledby=\"field_38jk3_label\" role=\"group\">\t\t<div class=\"frm_checkbox\" id=\"frm_checkbox_19-0\">\t\t\t<label  for=\"field_38jk3-0\">\n\t\t\t<input type=\"checkbox\" name=\"item_meta[19][]\" id=\"field_38jk3-0\" value=\"Ich m\u00f6chte die Zimmerreinigung f\u00fcr heute abbestellen.\"  data-reqmsg=\"Zimmerreinigung abbestellen kann nicht leer sein.\" data-invmsg=\"Zimmerreinigung abbestellen ist ung\u00fcltig\"   aria-required=\"true\"  \/> Ich m\u00f6chte die Zimmerreinigung f\u00fcr heute abbestellen.<\/label><\/div>\n\t\t<div class=\"frm_checkbox\" id=\"frm_checkbox_19-1\">\t\t\t<label  for=\"field_38jk3-1\">\n\t\t\t<input type=\"checkbox\" name=\"item_meta[19][]\" id=\"field_38jk3-1\" value=\"Ich m\u00f6chte die Zimmerreinigung f\u00fcr den restlichen Aufenthalt abbestellen.\"  data-reqmsg=\"Zimmerreinigung abbestellen kann nicht leer sein.\" data-invmsg=\"Zimmerreinigung abbestellen ist ung\u00fcltig\"   \/> Ich m\u00f6chte die Zimmerreinigung f\u00fcr den restlichen Aufenthalt abbestellen.<\/label><\/div>\n<\/div>\r\n\t\r\n\t\r\n<\/div>\n<div id=\"frm_field_20_container\" class=\"frm_form_field form-field  frm_required_field frm_top_container vertical_radio\">\r\n\t<div  id=\"field_6tnjn_label\" class=\"frm_primary_label\">Datenschutz\r\n\t\t<span class=\"frm_required\" aria-hidden=\"true\">*<\/span>\r\n\t<\/div>\r\n\t<div class=\"frm_opt_container\" aria-labelledby=\"field_6tnjn_label\" role=\"group\">\t\t<div class=\"frm_checkbox\" id=\"frm_checkbox_20-0\">\t\t\t<label  for=\"field_6tnjn-0\">\n\t\t\t<input type=\"checkbox\" name=\"item_meta[20][]\" id=\"field_6tnjn-0\" value=\"Ich habe die &lt;a href=&quot;https:\/\/zorentino.com\/datenschutz-gaestemappe\/&quot; target=&quot;_blank&quot;&gt;Datenschutzbestimmungen&lt;\/a&gt; gelesen und stimme der Erhebung, Verarbeitung und Nutzung meiner Daten durch die dort aufgef\u00fchrte verantwortliche Stelle zu.\"  data-reqmsg=\"Datenschutz kann nicht leer sein.\" data-invmsg=\"Datenschutz ist ung\u00fcltig\"   aria-required=\"true\"  \/> Ich habe die <a href=\"https:\/\/zorentino.com\/datenschutz-gaestemappe\/\" target=\"_blank\" rel=\"noopener\">Datenschutzbestimmungen<\/a> gelesen und stimme der Erhebung, Verarbeitung und Nutzung meiner Daten durch die dort aufgef\u00fchrte verantwortliche Stelle zu.<\/label><\/div>\n<\/div>\r\n\t\r\n\t\r\n<\/div>\n<div id=\"frm_field_13_container\" class=\"frm_form_field form-field  frm12 frm_first\">\r\n\t<div class=\"frm_submit frm_flex\">\r\n<button class=\"frm_button_submit\" type=\"submit\"  >Senden<\/button>\r\n\r\n\r\n\r\n<\/div>\r\n<\/div>\n\t<input type=\"hidden\" name=\"item_key\" value=\"\" \/>\n\t\t\t<div id=\"frm_field_21_container\">\n\t\t\t<label for=\"field_4yf8c\" >\n\t\t\t\tIf you are human, leave this field blank.\t\t\t<\/label>\n\t\t\t<input  id=\"field_4yf8c\" type=\"text\" class=\"frm_form_field form-field frm_verify\" name=\"item_meta[21]\" value=\"\"  \/>\n\t\t<\/div>\n\t\t<input name=\"frm_state\" type=\"hidden\" value=\"6ZyxQxP1fDpLgKJS9LbyNJP8FqZaOGsHKDT\/P39L6GE=\" \/><\/div>\n<\/fieldset>\n<\/div>\n\n<\/form>\n<\/div>\n<\/div>\n\t\t\t\t\t\t<\/div>\n\t\t\t\t<\/div>\n\t\t\t\t\t<\/div>\n\t\t<\/div>\n\t\t\t\t\t<\/div>\n\t\t<\/section>\n\t\t\t\t<\/div>\n\t\t","protected":false},"excerpt":{"rendered":"<p>Zimmerreinigung abbestellen Die Zimmerreinigung erfolgt t\u00e4glich zwischen 8 und 16 Uhr sollten Sie bis nach 13 Uhr im Zimmer bleiben, kann an diesem Tag keine Reinigung stattfinden \u2013 vielen Dank f\u00fcr Ihr Verst\u00e4ndnis wenn Sie nicht gest\u00f6rt werden wollen oder der Umwelt etwas Gutes tun m\u00f6chten, h\u00e4ngen Sie einfach das entsprechende Schild au\u00dfen an die [&hellip;]<\/p>\n","protected":false},"author":2,"featured_media":0,"parent":0,"menu_order":0,"comment_status":"closed","ping_status":"closed","template":"","meta":{"site-sidebar-layout":"no-sidebar","site-content-layout":"page-builder","ast-site-content-layout":"default","site-content-style":"default","site-sidebar-style":"default","ast-global-header-display":"","ast-banner-title-visibility":"","ast-main-header-display":"","ast-hfb-above-header-display":"","ast-hfb-below-header-display":"","ast-hfb-mobile-header-display":"","site-post-title":"disabled","ast-breadcrumbs-content":"","ast-featured-img":"disabled","footer-sml-layout":"","ast-disable-related-posts":"","theme-transparent-header-meta":"","adv-header-id-meta":"","stick-header-meta":"","header-above-stick-meta":"","header-main-stick-meta":"","header-below-stick-meta":"","astra-migrate-meta-layouts":"default","ast-page-background-enabled":"default","ast-page-background-meta":{"desktop":{"background-color":"var(--ast-global-color-4)","background-image":"","background-repeat":"repeat","background-position":"center center","background-size":"auto","background-attachment":"scroll","background-type":"","background-media":"","overlay-type":"","overlay-color":"","overlay-opacity":"","overlay-gradient":""},"tablet":{"background-color":"","background-image":"","background-repeat":"repeat","background-position":"center center","background-size":"auto","background-attachment":"scroll","background-type":"","background-media":"","overlay-type":"","overlay-color":"","overlay-opacity":"","overlay-gradient":""},"mobile":{"background-color":"","background-image":"","background-repeat":"repeat","background-position":"center center","background-size":"auto","background-attachment":"scroll","background-type":"","background-media":"","overlay-type":"","overlay-color":"","overlay-opacity":"","overlay-gradient":""}},"ast-content-background-meta":{"desktop":{"background-color":"var(--ast-global-color-5)","background-image":"","background-repeat":"repeat","background-position":"center center","background-size":"auto","background-attachment":"scroll","background-type":"","background-media":"","overlay-type":"","overlay-color":"","overlay-opacity":"","overlay-gradient":""},"tablet":{"background-color":"var(--ast-global-color-5)","background-image":"","background-repeat":"repeat","background-position":"center center","background-size":"auto","background-attachment":"scroll","background-type":"","background-media":"","overlay-type":"","overlay-color":"","overlay-opacity":"","overlay-gradient":""},"mobile":{"background-color":"var(--ast-global-color-5)","background-image":"","background-repeat":"repeat","background-position":"center center","background-size":"auto","background-attachment":"scroll","background-type":"","background-media":"","overlay-type":"","overlay-color":"","overlay-opacity":"","overlay-gradient":""}},"_glsr_average":0,"_glsr_ranking":0,"_glsr_reviews":0,"footnotes":""},"class_list":["post-388","page","type-page","status-publish","hentry"],"_links":{"self":[{"href":"https:\/\/marias-inn.gaeste-mappe.de\/en\/wp-json\/wp\/v2\/pages\/388","targetHints":{"allow":["GET"]}}],"collection":[{"href":"https:\/\/marias-inn.gaeste-mappe.de\/en\/wp-json\/wp\/v2\/pages"}],"about":[{"href":"https:\/\/marias-inn.gaeste-mappe.de\/en\/wp-json\/wp\/v2\/types\/page"}],"author":[{"embeddable":true,"href":"https:\/\/marias-inn.gaeste-mappe.de\/en\/wp-json\/wp\/v2\/users\/2"}],"replies":[{"embeddable":true,"href":"https:\/\/marias-inn.gaeste-mappe.de\/en\/wp-json\/wp\/v2\/comments?post=388"}],"version-history":[{"count":86,"href":"https:\/\/marias-inn.gaeste-mappe.de\/en\/wp-json\/wp\/v2\/pages\/388\/revisions"}],"predecessor-version":[{"id":13924,"href":"https:\/\/marias-inn.gaeste-mappe.de\/en\/wp-json\/wp\/v2\/pages\/388\/revisions\/13924"}],"wp:attachment":[{"href":"https:\/\/marias-inn.gaeste-mappe.de\/en\/wp-json\/wp\/v2\/media?parent=388"}],"curies":[{"name":"wp","href":"https:\/\/api.w.org\/{rel}","templated":true}]}}