{"id":359,"date":"2021-11-02T12:02:47","date_gmt":"2021-11-02T12:02:47","guid":{"rendered":"https:\/\/demo.zorentino.com\/?page_id=359"},"modified":"2025-08-28T07:08:33","modified_gmt":"2025-08-28T07:08:33","slug":"contact","status":"publish","type":"page","link":"https:\/\/marias-inn.gaeste-mappe.de\/en\/kontakt\/","title":{"rendered":"Contact"},"content":{"rendered":"<div data-elementor-type=\"wp-page\" data-elementor-id=\"359\" class=\"elementor elementor-359\" data-elementor-post-type=\"page\">\n\t\t\t\t\t\t<section class=\"elementor-section elementor-top-section elementor-element elementor-element-2990e87c elementor-section-boxed elementor-section-height-default elementor-section-height-default\" data-id=\"2990e87c\" data-element_type=\"section\" data-e-type=\"section\" data-settings=\"{&quot;background_background&quot;:&quot;classic&quot;}\">\n\t\t\t\t\t\t<div class=\"elementor-container elementor-column-gap-default\">\n\t\t\t\t\t<div class=\"elementor-column elementor-col-100 elementor-top-column elementor-element elementor-element-3c7ba14b\" data-id=\"3c7ba14b\" data-element_type=\"column\" data-e-type=\"column\">\n\t\t\t<div class=\"elementor-widget-wrap elementor-element-populated\">\n\t\t\t\t\t\t<div class=\"elementor-element elementor-element-4961af59 kopf elementor-icon-list--layout-traditional elementor-list-item-link-full_width elementor-widget elementor-widget-icon-list\" data-id=\"4961af59\" data-element_type=\"widget\" data-e-type=\"widget\" data-widget_type=\"icon-list.default\">\n\t\t\t\t<div class=\"elementor-widget-container\">\n\t\t\t\t\t\t\t<ul class=\"elementor-icon-list-items\">\n\t\t\t\t\t\t\t<li class=\"elementor-icon-list-item\">\n\t\t\t\t\t\t\t\t\t\t\t<span class=\"elementor-icon-list-icon\">\n\t\t\t\t\t\t\t<i aria-hidden=\"true\" class=\"fas fa-phone-square-alt\"><\/i>\t\t\t\t\t\t<\/span>\n\t\t\t\t\t\t\t\t\t\t<span class=\"elementor-icon-list-text\">Contact<\/span>\n\t\t\t\t\t\t\t\t\t<\/li>\n\t\t\t\t\t\t<\/ul>\n\t\t\t\t\t\t<\/div>\n\t\t\t\t<\/div>\n\t\t\t\t\t<\/div>\n\t\t<\/div>\n\t\t\t\t\t<\/div>\n\t\t<\/section>\n\t\t\t\t<section class=\"elementor-section elementor-top-section elementor-element elementor-element-48960e7 elementor-section-boxed elementor-section-height-default elementor-section-height-default\" data-id=\"48960e7\" data-element_type=\"section\" data-e-type=\"section\">\n\t\t\t\t\t\t<div class=\"elementor-container elementor-column-gap-default\">\n\t\t\t\t\t<div class=\"elementor-column elementor-col-100 elementor-top-column elementor-element elementor-element-d6ea86f\" data-id=\"d6ea86f\" data-element_type=\"column\" data-e-type=\"column\">\n\t\t\t<div class=\"elementor-widget-wrap elementor-element-populated\">\n\t\t\t\t\t\t<div class=\"elementor-element elementor-element-0bddad2 elementor-icon-list--layout-traditional elementor-list-item-link-full_width elementor-widget elementor-widget-icon-list\" data-id=\"0bddad2\" data-element_type=\"widget\" data-e-type=\"widget\" data-widget_type=\"icon-list.default\">\n\t\t\t\t<div class=\"elementor-widget-container\">\n\t\t\t\t\t\t\t<ul class=\"elementor-icon-list-items\">\n\t\t\t\t\t\t\t<li class=\"elementor-icon-list-item\">\n\t\t\t\t\t\t\t\t\t\t\t<span class=\"elementor-icon-list-icon\">\n\t\t\t\t\t\t\t<svg xmlns=\"http:\/\/www.w3.org\/2000\/svg\" id=\"Capa_1\" height=\"512\" viewbox=\"0 0 609.806 609.806\" width=\"512\"><g><path clip-rule=\"evenodd\" d=\"m0 542.548c0 9.906 8.03 17.935 17.935 17.935h573.935c9.905 0 17.935-8.03 17.935-17.935 0-74.931-27.654-107.613-98.645-107.613h-412.515c-70.991 0-98.645 32.682-98.645 107.613zm322.838-403.16c157.219 6.888 251.097 104.726 251.097 241.741 0 9.906-8.03 17.935-17.935 17.935h-502.194c-9.905 0-17.935-8.03-17.935-17.935 0-137.015 93.877-234.853 251.097-241.741v-54.195h-44.831c-4.988 0-8.975-4.053-8.975-9.052v-17.767c0-5.076 4.019-9.052 8.975-9.052h125.533c4.988 0 8.975 4.053 8.975 9.052v17.767c0 5.076-4.019 9.052-8.975 9.052h-44.831v54.195z\" fill-rule=\"evenodd\"><\/path><\/g><\/svg>\t\t\t\t\t\t<\/span>\n\t\t\t\t\t\t\t\t\t\t<span class=\"elementor-icon-list-text\">Reception<\/span>\n\t\t\t\t\t\t\t\t\t<\/li>\n\t\t\t\t\t\t<\/ul>\n\t\t\t\t\t\t<\/div>\n\t\t\t\t<\/div>\n\t\t\t\t\t<\/div>\n\t\t<\/div>\n\t\t\t\t\t<\/div>\n\t\t<\/section>\n\t\t\t\t<section class=\"elementor-section elementor-top-section elementor-element elementor-element-aa54986 elementor-section-boxed elementor-section-height-default elementor-section-height-default\" data-id=\"aa54986\" data-element_type=\"section\" data-e-type=\"section\">\n\t\t\t\t\t\t<div class=\"elementor-container elementor-column-gap-default\">\n\t\t\t\t\t<div class=\"elementor-column elementor-col-50 elementor-top-column elementor-element elementor-element-38cb2b6\" data-id=\"38cb2b6\" data-element_type=\"column\" data-e-type=\"column\">\n\t\t\t<div class=\"elementor-widget-wrap elementor-element-populated\">\n\t\t\t\t\t\t<div class=\"elementor-element elementor-element-1f001b3 elementor-widget elementor-widget-image\" data-id=\"1f001b3\" data-element_type=\"widget\" data-e-type=\"widget\" data-widget_type=\"image.default\">\n\t\t\t\t<div class=\"elementor-widget-container\">\n\t\t\t\t\t\t\t\t\t\t\t\t\t\t\t<img fetchpriority=\"high\" decoding=\"async\" width=\"1024\" height=\"684\" src=\"https:\/\/marias-inn.gaeste-mappe.de\/wp-content\/uploads\/2025\/06\/rezeption-111.jpg\" class=\"attachment-large size-large wp-image-13623\" alt=\"\" srcset=\"https:\/\/marias-inn.gaeste-mappe.de\/wp-content\/uploads\/2025\/06\/rezeption-111.jpg 1024w, https:\/\/marias-inn.gaeste-mappe.de\/wp-content\/uploads\/2025\/06\/rezeption-111-300x200.jpg 300w, https:\/\/marias-inn.gaeste-mappe.de\/wp-content\/uploads\/2025\/06\/rezeption-111-768x513.jpg 768w, https:\/\/marias-inn.gaeste-mappe.de\/wp-content\/uploads\/2025\/06\/rezeption-111-18x12.jpg 18w\" sizes=\"(max-width: 1024px) 100vw, 1024px\" \/>\t\t\t\t\t\t\t\t\t\t\t\t\t\t\t<\/div>\n\t\t\t\t<\/div>\n\t\t\t\t\t<\/div>\n\t\t<\/div>\n\t\t\t\t<div class=\"elementor-column elementor-col-50 elementor-top-column elementor-element elementor-element-bff4375\" data-id=\"bff4375\" data-element_type=\"column\" data-e-type=\"column\">\n\t\t\t<div class=\"elementor-widget-wrap elementor-element-populated\">\n\t\t\t\t\t\t<div class=\"elementor-element elementor-element-b4acdba elementor-widget elementor-widget-image\" data-id=\"b4acdba\" data-element_type=\"widget\" data-e-type=\"widget\" data-widget_type=\"image.default\">\n\t\t\t\t<div class=\"elementor-widget-container\">\n\t\t\t\t\t\t\t\t\t\t\t\t\t\t\t<img decoding=\"async\" width=\"1024\" height=\"683\" src=\"https:\/\/marias-inn.gaeste-mappe.de\/wp-content\/uploads\/2025\/06\/rezeption.jpg\" class=\"attachment-large size-large wp-image-13620\" alt=\"\" srcset=\"https:\/\/marias-inn.gaeste-mappe.de\/wp-content\/uploads\/2025\/06\/rezeption.jpg 1024w, https:\/\/marias-inn.gaeste-mappe.de\/wp-content\/uploads\/2025\/06\/rezeption-300x200.jpg 300w, https:\/\/marias-inn.gaeste-mappe.de\/wp-content\/uploads\/2025\/06\/rezeption-768x512.jpg 768w, https:\/\/marias-inn.gaeste-mappe.de\/wp-content\/uploads\/2025\/06\/rezeption-18x12.jpg 18w\" sizes=\"(max-width: 1024px) 100vw, 1024px\" \/>\t\t\t\t\t\t\t\t\t\t\t\t\t\t\t<\/div>\n\t\t\t\t<\/div>\n\t\t\t\t\t<\/div>\n\t\t<\/div>\n\t\t\t\t\t<\/div>\n\t\t<\/section>\n\t\t\t\t<section class=\"elementor-section elementor-top-section elementor-element elementor-element-ed5aa3f elementor-section-boxed elementor-section-height-default elementor-section-height-default\" data-id=\"ed5aa3f\" data-element_type=\"section\" data-e-type=\"section\" data-settings=\"{&quot;background_background&quot;:&quot;classic&quot;}\">\n\t\t\t\t\t\t<div class=\"elementor-container elementor-column-gap-default\">\n\t\t\t\t\t<div class=\"elementor-column elementor-col-100 elementor-top-column elementor-element elementor-element-59fd4b0\" data-id=\"59fd4b0\" data-element_type=\"column\" data-e-type=\"column\">\n\t\t\t<div class=\"elementor-widget-wrap elementor-element-populated\">\n\t\t\t\t\t\t<div class=\"elementor-element elementor-element-d7846cc elementor-widget elementor-widget-text-editor\" data-id=\"d7846cc\" data-element_type=\"widget\" data-e-type=\"widget\" data-widget_type=\"text-editor.default\">\n\t\t\t\t<div class=\"elementor-widget-container\">\n\t\t\t\t\t\t\t\t\t<p>Our reception is open from 7 a.m. to 12 p.m. and from 4 p.m. to 8 p.m. Feel free to drop by in person, call us anytime, or send us a message using our contact form.<\/p><p>Even if the reception is not manned, you can reach us at the number listed below.<\/p><p><strong>Important:<\/strong> Between 9:00 PM and 6:00 AM you can reach us at the emergency number, which can be found at the self-check-in or the reception door<em>. <\/em><\/p>\t\t\t\t\t\t\t\t<\/div>\n\t\t\t\t<\/div>\n\t\t\t\t\t<\/div>\n\t\t<\/div>\n\t\t\t\t\t<\/div>\n\t\t<\/section>\n\t\t\t\t<section class=\"elementor-section elementor-top-section elementor-element elementor-element-13c3e96 elementor-section-boxed elementor-section-height-default elementor-section-height-default\" data-id=\"13c3e96\" data-element_type=\"section\" data-e-type=\"section\">\n\t\t\t\t\t\t<div class=\"elementor-container elementor-column-gap-default\">\n\t\t\t\t\t<div class=\"elementor-column elementor-col-100 elementor-top-column elementor-element elementor-element-3ab347d\" data-id=\"3ab347d\" data-element_type=\"column\" data-e-type=\"column\">\n\t\t\t<div class=\"elementor-widget-wrap elementor-element-populated\">\n\t\t\t\t\t\t<div class=\"elementor-element elementor-element-57428cf elementor-widget elementor-widget-heading\" data-id=\"57428cf\" data-element_type=\"widget\" data-e-type=\"widget\" data-widget_type=\"heading.default\">\n\t\t\t\t<div class=\"elementor-widget-container\">\n\t\t\t\t\t<h2 class=\"elementor-heading-title elementor-size-default\"><i class=\"fas fa-phone\"><\/i>&nbsp; <i class=\"far fa-envelope-open\"><\/i>&nbsp;<\/i>&nbsp;Contact details <\/h2>\t\t\t\t<\/div>\n\t\t\t\t<\/div>\n\t\t\t\t\t<\/div>\n\t\t<\/div>\n\t\t\t\t\t<\/div>\n\t\t<\/section>\n\t\t\t\t<section class=\"elementor-section elementor-top-section elementor-element elementor-element-3d28445b elementor-section-boxed elementor-section-height-default elementor-section-height-default\" data-id=\"3d28445b\" data-element_type=\"section\" data-e-type=\"section\" data-settings=\"{&quot;background_background&quot;:&quot;classic&quot;}\">\n\t\t\t\t\t\t<div class=\"elementor-container elementor-column-gap-default\">\n\t\t\t\t\t<div class=\"elementor-column elementor-col-100 elementor-top-column elementor-element elementor-element-34c9e039\" data-id=\"34c9e039\" data-element_type=\"column\" data-e-type=\"column\">\n\t\t\t<div class=\"elementor-widget-wrap elementor-element-populated\">\n\t\t\t\t\t\t<div class=\"elementor-element elementor-element-67e86d0e elementor-widget elementor-widget-text-editor\" data-id=\"67e86d0e\" data-element_type=\"widget\" data-e-type=\"widget\" data-widget_type=\"text-editor.default\">\n\t\t\t\t<div class=\"elementor-widget-container\">\n\t\t\t\t\t\t\t\t\t<p>You have several options to contact us.\u00a0\u00a0<\/p>\t\t\t\t\t\t\t\t<\/div>\n\t\t\t\t<\/div>\n\t\t\t\t\t<\/div>\n\t\t<\/div>\n\t\t\t\t\t<\/div>\n\t\t<\/section>\n\t\t\t\t<section class=\"elementor-section elementor-top-section elementor-element elementor-element-5d2e979c elementor-section-height-min-height elementor-section-boxed elementor-section-height-default elementor-section-items-middle\" data-id=\"5d2e979c\" data-element_type=\"section\" data-e-type=\"section\">\n\t\t\t\t\t\t<div class=\"elementor-container elementor-column-gap-custom\">\n\t\t\t\t\t<div class=\"elementor-column elementor-col-33 elementor-top-column elementor-element elementor-element-1d1a3996\" data-id=\"1d1a3996\" data-element_type=\"column\" data-e-type=\"column\" data-settings=\"{&quot;background_background&quot;:&quot;classic&quot;}\">\n\t\t\t<div class=\"elementor-widget-wrap elementor-element-populated\">\n\t\t\t\t\t\t<div class=\"elementor-element elementor-element-73b3afcd elementor-view-default elementor-position-block-start elementor-mobile-position-block-start elementor-widget elementor-widget-icon-box\" data-id=\"73b3afcd\" data-element_type=\"widget\" data-e-type=\"widget\" data-widget_type=\"icon-box.default\">\n\t\t\t\t<div class=\"elementor-widget-container\">\n\t\t\t\t\t\t\t<div class=\"elementor-icon-box-wrapper\">\n\n\t\t\t\t\t\t<div class=\"elementor-icon-box-icon\">\n\t\t\t\t<span  class=\"elementor-icon\">\n\t\t\t\t<svg xmlns=\"http:\/\/www.w3.org\/2000\/svg\" height=\"682pt\" viewbox=\"-21 -41 682.66669 682\" width=\"682pt\"><path d=\"m113.75 355.996094v130.503906h-18.75c-31.128906 0-56.25 25.121094-56.25 56.25 0 18.375 8.625 34.875 22.5 44.625l153-153zm130.5 101.628906-141.75 141.375h323.25zm300.75 28.875h-18.75v-123.75l-150 150 111 86.25h57.75c31.128906 0 56.25-25.125 56.25-56.25 0-31.128906-25.121094-56.25-56.25-56.25zm-360-255c-20.269531-26.121094-32.621094-63.503906-32.621094-82.5h-38.628906v159.75l21.753906 16.875 68.621094-68.625zm211.5 78-76.5 102-93-124.125-61.496094 61.5 181.121094 141 123.375-123.375zm91.121094-160.5c0 18.265625-12 55.949219-32.996094 82.875l-35.625 47.625 77.625 60.375 29.625-29.625v-161.25zm0 0\"><\/path><path d=\"m75 75.875c-42.75 8.625-75 46.5-75 91.875v318.75c0 9.375 1.5 18 4.875 26.25 10.871094-31.128906 37.125-55.125 70.125-61.5zm0 0\"><\/path><path d=\"m565 75.875v375.375c33 6.375 59.253906 30.378906 70.125 61.5 3.375-8.25 4.875-16.875 4.875-26.25v-318.75c0-45.375-32.25-83.25-75-91.875zm0 0\"><\/path><path d=\"m320 111.5c-10.503906 0-18.75 8.246094-18.75 18.75 0 10.5 8.246094 18.75 18.75 18.75s18.75-8.25 18.75-18.75c0-10.503906-8.246094-18.75-18.75-18.75zm0 0c-10.503906 0-18.75 8.246094-18.75 18.75 0 10.5 8.246094 18.75 18.75 18.75s18.75-8.25 18.75-18.75c0-10.503906-8.246094-18.75-18.75-18.75zm0-112.5c-72.375 0-131.25 58.878906-131.25 131.25 0 30.128906 9.960938 57.484375 26.25 78.75l105 139.875 105-139.875c16.207031-21.15625 26.25-48.480469 26.25-78.75 0-72.371094-58.875-131.25-131.25-131.25zm0 187.5c-31.371094 0-56.25-25.820312-56.25-56.25 0-31.128906 25.121094-56.25 56.25-56.25s56.25 25.121094 56.25 56.25c0 30.5-24.9375 56.25-56.25 56.25zm0-75c-10.503906 0-18.75 8.246094-18.75 18.75 0 10.5 8.246094 18.75 18.75 18.75s18.75-8.25 18.75-18.75c0-10.503906-8.246094-18.75-18.75-18.75zm0 0c-10.503906 0-18.75 8.246094-18.75 18.75 0 10.5 8.246094 18.75 18.75 18.75s18.75-8.25 18.75-18.75c0-10.503906-8.246094-18.75-18.75-18.75zm0 0c-10.503906 0-18.75 8.246094-18.75 18.75 0 10.5 8.246094 18.75 18.75 18.75s18.75-8.25 18.75-18.75c0-10.503906-8.246094-18.75-18.75-18.75zm0 0\"><\/path><\/svg>\t\t\t\t<\/span>\n\t\t\t<\/div>\n\t\t\t\n\t\t\t\t\t\t<div class=\"elementor-icon-box-content\">\n\n\t\t\t\t\t\t\t\t\t<h3 class=\"elementor-icon-box-title\">\n\t\t\t\t\t\t<span  >\n\t\t\t\t\t\t\tAddress\t\t\t\t\t\t<\/span>\n\t\t\t\t\t<\/h3>\n\t\t\t\t\n\t\t\t\t\t\t\t\t\t<p class=\"elementor-icon-box-description\">\n\t\t\t\t\t\tNeufahrner Stra\u00dfe 5<br>\n85748 Garching\n\t\t\t\t\t<\/p>\n\t\t\t\t\n\t\t\t<\/div>\n\t\t\t\n\t\t<\/div>\n\t\t\t\t\t\t<\/div>\n\t\t\t\t<\/div>\n\t\t\t\t\t<\/div>\n\t\t<\/div>\n\t\t\t\t<div class=\"elementor-column elementor-col-33 elementor-top-column elementor-element elementor-element-5c3f9cb0\" data-id=\"5c3f9cb0\" data-element_type=\"column\" data-e-type=\"column\" data-settings=\"{&quot;background_background&quot;:&quot;classic&quot;}\">\n\t\t\t<div class=\"elementor-widget-wrap elementor-element-populated\">\n\t\t\t\t\t\t<div class=\"elementor-element elementor-element-3dec2a6f elementor-view-default elementor-position-block-start elementor-mobile-position-block-start elementor-widget elementor-widget-icon-box\" data-id=\"3dec2a6f\" data-element_type=\"widget\" data-e-type=\"widget\" data-widget_type=\"icon-box.default\">\n\t\t\t\t<div class=\"elementor-widget-container\">\n\t\t\t\t\t\t\t<div class=\"elementor-icon-box-wrapper\">\n\n\t\t\t\t\t\t<div class=\"elementor-icon-box-icon\">\n\t\t\t\t<a href=\"tel:+49-89-329320\" class=\"elementor-icon\" tabindex=\"-1\" aria-label=\"Phone\">\n\t\t\t\t<svg xmlns=\"http:\/\/www.w3.org\/2000\/svg\" xmlns:xlink=\"http:\/\/www.w3.org\/1999\/xlink\" id=\"Capa_1\" x=\"0px\" y=\"0px\" viewbox=\"0 0 512 512\" style=\"enable-background:new 0 0 512 512;\" xml:space=\"preserve\"><g>\t<g>\t\t<path d=\"M256,0C114.624,0,0,114.624,0,256s114.624,256,256,256s256-114.624,256-256S397.376,0,256,0z M384,400   c-149.984,0-272-122.016-272-272c0-8.832,7.168-16,16-16h59.072c8.832,0,16,7.168,16,16c0,27.648,6.016,53.984,17.888,78.24   c1.888,3.84,2.144,8.224,0.736,12.256c-1.376,4.032-4.32,7.328-8.16,9.184l-23.872,11.52   c19.872,34.592,48.544,63.296,83.104,83.104l11.52-23.84c1.856-3.84,5.152-6.752,9.184-8.16c4.032-1.376,8.448-1.12,12.256,0.736   c24.32,11.872,50.624,17.888,78.24,17.888c8.832,0,16,7.168,16,16V384H400C400,392.832,392.832,400,384,400z\"><\/path>\t<\/g><\/g><g><\/g><g><\/g><g><\/g><g><\/g><g><\/g><g><\/g><g><\/g><g><\/g><g><\/g><g><\/g><g><\/g><g><\/g><g><\/g><g><\/g><g><\/g><\/svg>\t\t\t\t<\/a>\n\t\t\t<\/div>\n\t\t\t\n\t\t\t\t\t\t<div class=\"elementor-icon-box-content\">\n\n\t\t\t\t\t\t\t\t\t<h3 class=\"elementor-icon-box-title\">\n\t\t\t\t\t\t<a href=\"tel:+49-89-329320\" >\n\t\t\t\t\t\t\tPhone\t\t\t\t\t\t<\/a>\n\t\t\t\t\t<\/h3>\n\t\t\t\t\n\t\t\t\t\t\t\t\t\t<p class=\"elementor-icon-box-description\">\n\t\t\t\t\t\tGive us a call<br> <a href=\"tel:+49-89-329320\">Click here<\/a>\t\t\t\t\t<\/p>\n\t\t\t\t\n\t\t\t<\/div>\n\t\t\t\n\t\t<\/div>\n\t\t\t\t\t\t<\/div>\n\t\t\t\t<\/div>\n\t\t\t\t\t<\/div>\n\t\t<\/div>\n\t\t\t\t<div class=\"elementor-column elementor-col-33 elementor-top-column elementor-element elementor-element-31fb6dba\" data-id=\"31fb6dba\" data-element_type=\"column\" data-e-type=\"column\" data-settings=\"{&quot;background_background&quot;:&quot;classic&quot;}\">\n\t\t\t<div class=\"elementor-widget-wrap elementor-element-populated\">\n\t\t\t\t\t\t<div class=\"elementor-element elementor-element-76ff2aa8 elementor-view-default elementor-position-block-start elementor-mobile-position-block-start elementor-widget elementor-widget-icon-box\" data-id=\"76ff2aa8\" data-element_type=\"widget\" data-e-type=\"widget\" data-widget_type=\"icon-box.default\">\n\t\t\t\t<div class=\"elementor-widget-container\">\n\t\t\t\t\t\t\t<div class=\"elementor-icon-box-wrapper\">\n\n\t\t\t\t\t\t<div class=\"elementor-icon-box-icon\">\n\t\t\t\t<a href=\"mailto:info@marias-inn.de\" class=\"elementor-icon\" tabindex=\"-1\" aria-label=\"E-Mail\">\n\t\t\t\t<svg xmlns=\"http:\/\/www.w3.org\/2000\/svg\" height=\"448pt\" viewbox=\"0 0 448 448\" width=\"448pt\"><path d=\"m314.375 144h-180.75l90.375 77.464844zm0 0\"><\/path><path d=\"m224 240c-1.910156 0-3.757812-.683594-5.207031-1.929688l-98.792969-84.679687v150.609375h208v-150.609375l-98.792969 84.679687c-1.449219 1.246094-3.296875 1.929688-5.207031 1.929688zm0 0\"><\/path><path d=\"m224 0c-123.710938 0-224 100.289062-224 224s100.289062 224 224 224 224-100.289062 224-224c-.140625-123.652344-100.347656-223.859375-224-224zm120 312c0 4.417969-3.582031 8-8 8h-224c-4.417969 0-8-3.582031-8-8v-176c0-4.417969 3.582031-8 8-8h224c4.417969 0 8 3.582031 8 8zm0 0\"><\/path><\/svg>\t\t\t\t<\/a>\n\t\t\t<\/div>\n\t\t\t\n\t\t\t\t\t\t<div class=\"elementor-icon-box-content\">\n\n\t\t\t\t\t\t\t\t\t<h3 class=\"elementor-icon-box-title\">\n\t\t\t\t\t\t<a href=\"mailto:info@marias-inn.de\" >\n\t\t\t\t\t\t\tE-Mail\t\t\t\t\t\t<\/a>\n\t\t\t\t\t<\/h3>\n\t\t\t\t\n\t\t\t\t\t\t\t\t\t<p class=\"elementor-icon-box-description\">\n\t\t\t\t\t\tContact us via<br> <a href=\"mailto:info@marias-inn.de\">E-Mail<\/a>\t\t\t\t\t<\/p>\n\t\t\t\t\n\t\t\t<\/div>\n\t\t\t\n\t\t<\/div>\n\t\t\t\t\t\t<\/div>\n\t\t\t\t<\/div>\n\t\t\t\t\t<\/div>\n\t\t<\/div>\n\t\t\t\t\t<\/div>\n\t\t<\/section>\n\t\t\t\t<section class=\"elementor-section elementor-top-section elementor-element elementor-element-41386a3d elementor-section-boxed elementor-section-height-default elementor-section-height-default\" data-id=\"41386a3d\" data-element_type=\"section\" data-e-type=\"section\">\n\t\t\t\t\t\t<div class=\"elementor-container elementor-column-gap-default\">\n\t\t\t\t\t<div class=\"elementor-column elementor-col-100 elementor-top-column elementor-element elementor-element-54878578\" data-id=\"54878578\" data-element_type=\"column\" data-e-type=\"column\">\n\t\t\t<div class=\"elementor-widget-wrap elementor-element-populated\">\n\t\t\t\t\t\t<div class=\"elementor-element elementor-element-341e37e6 elementor-widget elementor-widget-text-editor\" data-id=\"341e37e6\" data-element_type=\"widget\" data-e-type=\"widget\" data-widget_type=\"text-editor.default\">\n\t\t\t\t<div class=\"elementor-widget-container\">\n\t\t\t\t\t\t\t\t\t<p><span style=\"font-style: inherit; font-weight: inherit; color: var( --e-global-color-text ); background-color: var(--ast-global-color-5);\"><br \/>Here is our contact information in clear form:<\/span><\/p><p><strong>Telephone:<\/strong> <br \/>EN <a href=\"tel: +49-89-329320\">+49 (0) 89\u00a0 329320<\/a><\/p><p class=\"translation-block\"><strong>Email<\/strong> <b>:<\/b> <a href=\"mailto:info@marias-inn.de\" target=\"_self\">info@marias-inn.de<\/a><\/p>\t\t\t\t\t\t\t\t<\/div>\n\t\t\t\t<\/div>\n\t\t\t\t\t<\/div>\n\t\t<\/div>\n\t\t\t\t\t<\/div>\n\t\t<\/section>\n\t\t\t\t<\/div>","protected":false},"excerpt":{"rendered":"<p>Kontakt Rezeption Unsere Rezeption ist von 7 bis 12 Uhr und von 16 bis 20 Uhr besetzt. Kommen Sie pers\u00f6nlich vorbei, rufen Sie uns jederzeit gerne an oder schreiben Sie uns eine Nachricht \u00fcber unser Kontaktformular. Auch wenn die Rezeption nicht besetzt ist, erreichen Sie uns unter der unten aufgef\u00fchrten Rufnummer. Wichtig: Zwischen 21:00 und [&hellip;]<\/p>\n","protected":false},"author":2,"featured_media":0,"parent":0,"menu_order":0,"comment_status":"closed","ping_status":"closed","template":"","meta":{"site-sidebar-layout":"no-sidebar","site-content-layout":"page-builder","ast-site-content-layout":"default","site-content-style":"default","site-sidebar-style":"default","ast-global-header-display":"","ast-banner-title-visibility":"","ast-main-header-display":"","ast-hfb-above-header-display":"","ast-hfb-below-header-display":"","ast-hfb-mobile-header-display":"","site-post-title":"disabled","ast-breadcrumbs-content":"","ast-featured-img":"disabled","footer-sml-layout":"","ast-disable-related-posts":"","theme-transparent-header-meta":"","adv-header-id-meta":"","stick-header-meta":"","header-above-stick-meta":"","header-main-stick-meta":"","header-below-stick-meta":"","astra-migrate-meta-layouts":"default","ast-page-background-enabled":"default","ast-page-background-meta":{"desktop":{"background-color":"var(--ast-global-color-4)","background-image":"","background-repeat":"repeat","background-position":"center center","background-size":"auto","background-attachment":"scroll","background-type":"","background-media":"","overlay-type":"","overlay-color":"","overlay-opacity":"","overlay-gradient":""},"tablet":{"background-color":"","background-image":"","background-repeat":"repeat","background-position":"center center","background-size":"auto","background-attachment":"scroll","background-type":"","background-media":"","overlay-type":"","overlay-color":"","overlay-opacity":"","overlay-gradient":""},"mobile":{"background-color":"","background-image":"","background-repeat":"repeat","background-position":"center center","background-size":"auto","background-attachment":"scroll","background-type":"","background-media":"","overlay-type":"","overlay-color":"","overlay-opacity":"","overlay-gradient":""}},"ast-content-background-meta":{"desktop":{"background-color":"var(--ast-global-color-5)","background-image":"","background-repeat":"repeat","background-position":"center center","background-size":"auto","background-attachment":"scroll","background-type":"","background-media":"","overlay-type":"","overlay-color":"","overlay-opacity":"","overlay-gradient":""},"tablet":{"background-color":"var(--ast-global-color-5)","background-image":"","background-repeat":"repeat","background-position":"center center","background-size":"auto","background-attachment":"scroll","background-type":"","background-media":"","overlay-type":"","overlay-color":"","overlay-opacity":"","overlay-gradient":""},"mobile":{"background-color":"var(--ast-global-color-5)","background-image":"","background-repeat":"repeat","background-position":"center center","background-size":"auto","background-attachment":"scroll","background-type":"","background-media":"","overlay-type":"","overlay-color":"","overlay-opacity":"","overlay-gradient":""}},"_glsr_average":0,"_glsr_ranking":0,"_glsr_reviews":0,"footnotes":""},"class_list":["post-359","page","type-page","status-publish","hentry"],"_links":{"self":[{"href":"https:\/\/marias-inn.gaeste-mappe.de\/en\/wp-json\/wp\/v2\/pages\/359","targetHints":{"allow":["GET"]}}],"collection":[{"href":"https:\/\/marias-inn.gaeste-mappe.de\/en\/wp-json\/wp\/v2\/pages"}],"about":[{"href":"https:\/\/marias-inn.gaeste-mappe.de\/en\/wp-json\/wp\/v2\/types\/page"}],"author":[{"embeddable":true,"href":"https:\/\/marias-inn.gaeste-mappe.de\/en\/wp-json\/wp\/v2\/users\/2"}],"replies":[{"embeddable":true,"href":"https:\/\/marias-inn.gaeste-mappe.de\/en\/wp-json\/wp\/v2\/comments?post=359"}],"version-history":[{"count":170,"href":"https:\/\/marias-inn.gaeste-mappe.de\/en\/wp-json\/wp\/v2\/pages\/359\/revisions"}],"predecessor-version":[{"id":14223,"href":"https:\/\/marias-inn.gaeste-mappe.de\/en\/wp-json\/wp\/v2\/pages\/359\/revisions\/14223"}],"wp:attachment":[{"href":"https:\/\/marias-inn.gaeste-mappe.de\/en\/wp-json\/wp\/v2\/media?parent=359"}],"curies":[{"name":"wp","href":"https:\/\/api.w.org\/{rel}","templated":true}]}}