{"id":13473,"date":"2025-06-21T11:43:58","date_gmt":"2025-06-21T11:43:58","guid":{"rendered":"https:\/\/marias-inn.gaeste-mappe.de\/?page_id=13473"},"modified":"2025-08-10T18:25:44","modified_gmt":"2025-08-10T18:25:44","slug":"guest-cards","status":"publish","type":"page","link":"https:\/\/marias-inn.gaeste-mappe.de\/en\/gaestekarten\/","title":{"rendered":"Guest cards"},"content":{"rendered":"<div data-elementor-type=\"wp-page\" data-elementor-id=\"13473\" class=\"elementor elementor-13473\" data-elementor-post-type=\"page\">\n\t\t\t\t\t\t<section class=\"elementor-section elementor-top-section elementor-element elementor-element-7375507d elementor-section-boxed elementor-section-height-default elementor-section-height-default\" data-id=\"7375507d\" data-element_type=\"section\" data-e-type=\"section\" data-settings=\"{&quot;background_background&quot;:&quot;classic&quot;}\">\n\t\t\t\t\t\t<div class=\"elementor-container elementor-column-gap-default\">\n\t\t\t\t\t<div class=\"elementor-column elementor-col-100 elementor-top-column elementor-element elementor-element-7605c9bd\" data-id=\"7605c9bd\" data-element_type=\"column\" data-e-type=\"column\">\n\t\t\t<div class=\"elementor-widget-wrap elementor-element-populated\">\n\t\t\t\t\t\t<div class=\"elementor-element elementor-element-7048c7f2 kopf elementor-icon-list--layout-traditional elementor-list-item-link-full_width elementor-widget elementor-widget-icon-list\" data-id=\"7048c7f2\" data-element_type=\"widget\" data-e-type=\"widget\" data-widget_type=\"icon-list.default\">\n\t\t\t\t<div class=\"elementor-widget-container\">\n\t\t\t\t\t\t\t<ul class=\"elementor-icon-list-items\">\n\t\t\t\t\t\t\t<li class=\"elementor-icon-list-item\">\n\t\t\t\t\t\t\t\t\t\t\t<span class=\"elementor-icon-list-icon\">\n\t\t\t\t\t\t\t<svg xmlns=\"http:\/\/www.w3.org\/2000\/svg\" height=\"512\" viewbox=\"0 0 60 60\" width=\"512\"><g id=\"Icons\"><path d=\"m11 17v2h2v-2a2 2 0 0 1 2-2h3v-2h-3a2 2 0 0 1 -2-2v-2h-2v2a2 2 0 0 1 -2 2h-3v2h3a2 2 0 0 1 2 2z\"><\/path><path d=\"m6 17h3v2h-3z\"><\/path><path d=\"m15 17h3.001v2h-3.001z\"><\/path><path d=\"m41 31h-3a1 1 0 0 0 0 2h3a1 1 0 0 0 0-2z\"><\/path><path d=\"m6 9h3v2h-3z\"><\/path><path d=\"m15 9h3v2h-3z\"><\/path><path d=\"m46 35v-28a2 2 0 0 0 -2-2h-40a2 2 0 0 0 -2 2v28a2 2 0 0 0 2 2h40a2 2 0 0 0 2-2zm-6-11h3a1 1 0 0 1 0 2h-3a1 1 0 0 1 0-2zm-36-15a2 2 0 0 1 2-2h12a2 2 0 0 1 2 2v10a2 2 0 0 1 -2 2h-12a2 2 0 0 1 -2-2zm12 16a1 1 0 0 1 -1 1h-3a1 1 0 0 1 0-2h3a1 1 0 0 1 1 1zm-11-1h3a1 1 0 0 1 0 2h-3a1 1 0 0 1 0-2zm17 7h-17a1 1 0 0 1 0-2h17a1 1 0 0 1 0 2zm0-5h-3a1 1 0 0 1 0-2h3a1 1 0 0 1 0 2zm7 0h-3a1 1 0 0 1 0-2h3a1 1 0 0 1 0 2zm3-1a1 1 0 0 1 1-1h3a1 1 0 0 1 0 2h-3a1 1 0 0 1 -1-1zm9 10h-3a3 3 0 0 1 0-6h3a3 3 0 0 1 0 6z\"><\/path><path d=\"m44 39h-30v14a2 2 0 0 0 2 2h40a2 2 0 0 0 2-2v-16h-10.556a3.987 3.987 0 0 1 -3.444 2zm-10 11h-16a1 1 0 0 1 0-2h16a1 1 0 0 1 0 2zm0-4h-16a1 1 0 0 1 0-2h16a1 1 0 0 1 0 2z\"><\/path><path d=\"m48 29h10v6h-10z\"><\/path><path d=\"m56 23h-8v4h10v-2a2 2 0 0 0 -2-2z\"><\/path><\/g><\/svg>\t\t\t\t\t\t<\/span>\n\t\t\t\t\t\t\t\t\t\t<span class=\"elementor-icon-list-text\">Guest cards<\/span>\n\t\t\t\t\t\t\t\t\t<\/li>\n\t\t\t\t\t\t<\/ul>\n\t\t\t\t\t\t<\/div>\n\t\t\t\t<\/div>\n\t\t\t\t\t<\/div>\n\t\t<\/div>\n\t\t\t\t\t<\/div>\n\t\t<\/section>\n\t\t\t\t<section class=\"elementor-section elementor-top-section elementor-element elementor-element-660e3f2e elementor-section-boxed elementor-section-height-default elementor-section-height-default\" data-id=\"660e3f2e\" data-element_type=\"section\" data-e-type=\"section\">\n\t\t\t\t\t\t<div class=\"elementor-container elementor-column-gap-default\">\n\t\t\t\t\t<div class=\"elementor-column elementor-col-100 elementor-top-column elementor-element elementor-element-672df6a9\" data-id=\"672df6a9\" data-element_type=\"column\" data-e-type=\"column\">\n\t\t\t<div class=\"elementor-widget-wrap elementor-element-populated\">\n\t\t\t\t\t\t<div class=\"elementor-element elementor-element-45a37cbb elementor-icon-list--layout-traditional elementor-list-item-link-full_width elementor-widget elementor-widget-icon-list\" data-id=\"45a37cbb\" data-element_type=\"widget\" data-e-type=\"widget\" data-widget_type=\"icon-list.default\">\n\t\t\t\t<div class=\"elementor-widget-container\">\n\t\t\t\t\t\t\t<ul class=\"elementor-icon-list-items\">\n\t\t\t\t\t\t\t<li class=\"elementor-icon-list-item\">\n\t\t\t\t\t\t\t\t\t\t\t<span class=\"elementor-icon-list-icon\">\n\t\t\t\t\t\t\t<svg xmlns=\"http:\/\/www.w3.org\/2000\/svg\" height=\"512\" viewbox=\"0 0 60 60\" width=\"512\"><g id=\"Icons\"><path d=\"m11 17v2h2v-2a2 2 0 0 1 2-2h3v-2h-3a2 2 0 0 1 -2-2v-2h-2v2a2 2 0 0 1 -2 2h-3v2h3a2 2 0 0 1 2 2z\"><\/path><path d=\"m6 17h3v2h-3z\"><\/path><path d=\"m15 17h3.001v2h-3.001z\"><\/path><path d=\"m41 31h-3a1 1 0 0 0 0 2h3a1 1 0 0 0 0-2z\"><\/path><path d=\"m6 9h3v2h-3z\"><\/path><path d=\"m15 9h3v2h-3z\"><\/path><path d=\"m46 35v-28a2 2 0 0 0 -2-2h-40a2 2 0 0 0 -2 2v28a2 2 0 0 0 2 2h40a2 2 0 0 0 2-2zm-6-11h3a1 1 0 0 1 0 2h-3a1 1 0 0 1 0-2zm-36-15a2 2 0 0 1 2-2h12a2 2 0 0 1 2 2v10a2 2 0 0 1 -2 2h-12a2 2 0 0 1 -2-2zm12 16a1 1 0 0 1 -1 1h-3a1 1 0 0 1 0-2h3a1 1 0 0 1 1 1zm-11-1h3a1 1 0 0 1 0 2h-3a1 1 0 0 1 0-2zm17 7h-17a1 1 0 0 1 0-2h17a1 1 0 0 1 0 2zm0-5h-3a1 1 0 0 1 0-2h3a1 1 0 0 1 0 2zm7 0h-3a1 1 0 0 1 0-2h3a1 1 0 0 1 0 2zm3-1a1 1 0 0 1 1-1h3a1 1 0 0 1 0 2h-3a1 1 0 0 1 -1-1zm9 10h-3a3 3 0 0 1 0-6h3a3 3 0 0 1 0 6z\"><\/path><path d=\"m44 39h-30v14a2 2 0 0 0 2 2h40a2 2 0 0 0 2-2v-16h-10.556a3.987 3.987 0 0 1 -3.444 2zm-10 11h-16a1 1 0 0 1 0-2h16a1 1 0 0 1 0 2zm0-4h-16a1 1 0 0 1 0-2h16a1 1 0 0 1 0 2z\"><\/path><path d=\"m48 29h10v6h-10z\"><\/path><path d=\"m56 23h-8v4h10v-2a2 2 0 0 0 -2-2z\"><\/path><\/g><\/svg>\t\t\t\t\t\t<\/span>\n\t\t\t\t\t\t\t\t\t\t<span class=\"elementor-icon-list-text\">Munich Card and City Pass. It&#039;s worth it.<\/span>\n\t\t\t\t\t\t\t\t\t<\/li>\n\t\t\t\t\t\t<\/ul>\n\t\t\t\t\t\t<\/div>\n\t\t\t\t<\/div>\n\t\t\t\t\t<\/div>\n\t\t<\/div>\n\t\t\t\t\t<\/div>\n\t\t<\/section>\n\t\t\t\t<section class=\"elementor-section elementor-top-section elementor-element elementor-element-f6a93ac elementor-section-boxed elementor-section-height-default elementor-section-height-default\" data-id=\"f6a93ac\" data-element_type=\"section\" data-e-type=\"section\">\n\t\t\t\t\t\t<div class=\"elementor-container elementor-column-gap-default\">\n\t\t\t\t\t<div class=\"elementor-column elementor-col-100 elementor-top-column elementor-element elementor-element-6ce1ec5\" data-id=\"6ce1ec5\" data-element_type=\"column\" data-e-type=\"column\">\n\t\t\t<div class=\"elementor-widget-wrap elementor-element-populated\">\n\t\t\t\t\t\t<div class=\"elementor-element elementor-element-ed02f1e elementor-widget elementor-widget-image\" data-id=\"ed02f1e\" data-element_type=\"widget\" data-e-type=\"widget\" data-widget_type=\"image.default\">\n\t\t\t\t<div class=\"elementor-widget-container\">\n\t\t\t\t\t\t\t\t\t\t\t\t\t\t\t\t<a href=\"https:\/\/www.muenchen.travel\/artikel\/gaestekarten\/muenchen-card-city-pass\" target=\"_blank\" rel=\"noopener\">\n\t\t\t\t\t\t\t<img fetchpriority=\"high\" decoding=\"async\" width=\"1160\" height=\"450\" src=\"https:\/\/marias-inn.gaeste-mappe.de\/wp-content\/uploads\/2025\/08\/gaestekarte.jpg\" class=\"attachment-full size-full wp-image-13993\" alt=\"\" srcset=\"https:\/\/marias-inn.gaeste-mappe.de\/wp-content\/uploads\/2025\/08\/gaestekarte.jpg 1160w, https:\/\/marias-inn.gaeste-mappe.de\/wp-content\/uploads\/2025\/08\/gaestekarte-300x116.jpg 300w, https:\/\/marias-inn.gaeste-mappe.de\/wp-content\/uploads\/2025\/08\/gaestekarte-1024x397.jpg 1024w, https:\/\/marias-inn.gaeste-mappe.de\/wp-content\/uploads\/2025\/08\/gaestekarte-768x298.jpg 768w, https:\/\/marias-inn.gaeste-mappe.de\/wp-content\/uploads\/2025\/08\/gaestekarte-18x7.jpg 18w\" sizes=\"(max-width: 1160px) 100vw, 1160px\" \/>\t\t\t\t\t\t\t\t<\/a>\n\t\t\t\t\t\t\t\t\t\t\t\t\t\t\t<\/div>\n\t\t\t\t<\/div>\n\t\t\t\t\t<\/div>\n\t\t<\/div>\n\t\t\t\t\t<\/div>\n\t\t<\/section>\n\t\t\t\t<section class=\"elementor-section elementor-top-section elementor-element elementor-element-390d31dc elementor-section-boxed elementor-section-height-default elementor-section-height-default\" data-id=\"390d31dc\" data-element_type=\"section\" data-e-type=\"section\">\n\t\t\t\t\t\t<div class=\"elementor-container elementor-column-gap-default\">\n\t\t\t\t\t<div class=\"elementor-column elementor-col-100 elementor-top-column elementor-element elementor-element-399f16f0\" data-id=\"399f16f0\" data-element_type=\"column\" data-e-type=\"column\">\n\t\t\t<div class=\"elementor-widget-wrap elementor-element-populated\">\n\t\t\t\t\t\t<div class=\"elementor-element elementor-element-50cf4905 elementor-widget elementor-widget-text-editor\" data-id=\"50cf4905\" data-element_type=\"widget\" data-e-type=\"widget\" data-widget_type=\"text-editor.default\">\n\t\t\t\t<div class=\"elementor-widget-container\">\n\t\t\t\t\t\t\t\t\t<p><strong>Discover Munich in a relaxed way \u2013 with the Munich Card and City Pass<\/strong><\/p>\n<p>To enjoy Munich&#039;s diverse art, culture, and leisure world in a relaxed manner, visitors can choose from two official guest cards: <strong>the Munich Card<\/strong> and <strong>the Munich City Pass<\/strong>Both offer tailored benefits depending on how you plan your stay.<\/p>\n<p><strong>The Munich Card \u2013 flexible savings with discount benefits<\/strong><\/p>\n<ul>\n<li><strong>Wide selection of discounts<\/strong>: Up to 70% discount on over 100 attractions \u2013 including museums, exhibitions, city tours, shopping and restaurants.<\/li>\n<li><strong>Stay mobile<\/strong>: Optionally with a local transport ticket for Zone M or M-6 \u2013 or without if you prefer to travel on foot or with your own ticket.<\/li>\n<li><strong>Flexible duration &amp; group options<\/strong>: Bookable as a 24-hour or day ticket (up to 5 days), available for individual travelers, children or groups (2-5 people).<\/li>\n<\/ul>\n<p><strong>Munich City Pass \u2013 All-inclusive experience with priority<\/strong><\/p>\n<ul>\n<li><strong>Entrance included<\/strong>: Free access to over 45 top attractions at no additional cost.<\/li>\n<li><strong>Priority access<\/strong>: More frequent priority entry \u2013 no waiting times, more time for culture &amp; sightseeing.<\/li>\n<li><strong>Public transport optional<\/strong>: Here, too, you can choose between Zone M or M-6 \u2013 or book the pass without local transport.<\/li>\n<li><strong>Additional extras<\/strong>: Free city map, affordable guide and flexible validity and cancellation options.<\/li>\n<\/ul>\n<p><strong>Conclusion &amp; Recommendation<\/strong><\/p>\n<ul>\n<li>The <strong>Munich Card<\/strong> is ideal for visitors who want to discover Munich economically, flexibly and, if possible, as a group \u2013 with discounts and optional public transport.<\/li>\n<li>The <strong>Munich City Pass<\/strong> deserves its name: everything is included \u2013 from entry to mobility to additional benefits, ideal for well-planned cultural trips with a focus on as much program as possible.<\/li>\n<\/ul>\n<p>Here you can find further information and the opportunity to purchase tickets online: <a href=\"https:\/\/www.muenchen.travel\/artikel\/gaestekarten\/muenchen-card-city-pass\" target=\"_blank\" rel=\"noopener\">Simply Munich<\/a><\/p>\t\t\t\t\t\t\t\t<\/div>\n\t\t\t\t<\/div>\n\t\t\t\t\t<\/div>\n\t\t<\/div>\n\t\t\t\t\t<\/div>\n\t\t<\/section>\n\t\t\t\t<\/div>","protected":false},"excerpt":{"rendered":"<p>G\u00e4stekarten M\u00fcnchen Card und City Pass. Das lohnt sich. Rundum entspannt M\u00fcnchen entdecken \u2013 mit M\u00fcnchen Card und City Pass Um die vielf\u00e4ltige Kunst-, Kultur- und Freizeitwelt M\u00fcnchens entspannt zu erleben, stehen Besuchern zwei offizielle G\u00e4stekarten zur Verf\u00fcgung: die M\u00fcnchen Card und der M\u00fcnchen City Pass. Beide bieten ma\u00dfgeschneiderte Vorteile \u2013 je nachdem, wie Sie [&hellip;]<\/p>\n","protected":false},"author":2,"featured_media":0,"parent":0,"menu_order":0,"comment_status":"closed","ping_status":"closed","template":"","meta":{"site-sidebar-layout":"no-sidebar","site-content-layout":"page-builder","ast-site-content-layout":"full-width-container","site-content-style":"unboxed","site-sidebar-style":"unboxed","ast-global-header-display":"","ast-banner-title-visibility":"","ast-main-header-display":"","ast-hfb-above-header-display":"","ast-hfb-below-header-display":"","ast-hfb-mobile-header-display":"","site-post-title":"disabled","ast-breadcrumbs-content":"","ast-featured-img":"disabled","footer-sml-layout":"","ast-disable-related-posts":"","theme-transparent-header-meta":"","adv-header-id-meta":"","stick-header-meta":"","header-above-stick-meta":"","header-main-stick-meta":"","header-below-stick-meta":"","astra-migrate-meta-layouts":"set","ast-page-background-enabled":"default","ast-page-background-meta":{"desktop":{"background-color":"var(--ast-global-color-4)","background-image":"","background-repeat":"repeat","background-position":"center center","background-size":"auto","background-attachment":"scroll","background-type":"","background-media":"","overlay-type":"","overlay-color":"","overlay-opacity":"","overlay-gradient":""},"tablet":{"background-color":"","background-image":"","background-repeat":"repeat","background-position":"center center","background-size":"auto","background-attachment":"scroll","background-type":"","background-media":"","overlay-type":"","overlay-color":"","overlay-opacity":"","overlay-gradient":""},"mobile":{"background-color":"","background-image":"","background-repeat":"repeat","background-position":"center center","background-size":"auto","background-attachment":"scroll","background-type":"","background-media":"","overlay-type":"","overlay-color":"","overlay-opacity":"","overlay-gradient":""}},"ast-content-background-meta":{"desktop":{"background-color":"var(--ast-global-color-5)","background-image":"","background-repeat":"repeat","background-position":"center center","background-size":"auto","background-attachment":"scroll","background-type":"","background-media":"","overlay-type":"","overlay-color":"","overlay-opacity":"","overlay-gradient":""},"tablet":{"background-color":"var(--ast-global-color-5)","background-image":"","background-repeat":"repeat","background-position":"center center","background-size":"auto","background-attachment":"scroll","background-type":"","background-media":"","overlay-type":"","overlay-color":"","overlay-opacity":"","overlay-gradient":""},"mobile":{"background-color":"var(--ast-global-color-5)","background-image":"","background-repeat":"repeat","background-position":"center center","background-size":"auto","background-attachment":"scroll","background-type":"","background-media":"","overlay-type":"","overlay-color":"","overlay-opacity":"","overlay-gradient":""}},"_glsr_average":0,"_glsr_ranking":0,"_glsr_reviews":0,"footnotes":""},"class_list":["post-13473","page","type-page","status-publish","hentry"],"_links":{"self":[{"href":"https:\/\/marias-inn.gaeste-mappe.de\/en\/wp-json\/wp\/v2\/pages\/13473","targetHints":{"allow":["GET"]}}],"collection":[{"href":"https:\/\/marias-inn.gaeste-mappe.de\/en\/wp-json\/wp\/v2\/pages"}],"about":[{"href":"https:\/\/marias-inn.gaeste-mappe.de\/en\/wp-json\/wp\/v2\/types\/page"}],"author":[{"embeddable":true,"href":"https:\/\/marias-inn.gaeste-mappe.de\/en\/wp-json\/wp\/v2\/users\/2"}],"replies":[{"embeddable":true,"href":"https:\/\/marias-inn.gaeste-mappe.de\/en\/wp-json\/wp\/v2\/comments?post=13473"}],"version-history":[{"count":7,"href":"https:\/\/marias-inn.gaeste-mappe.de\/en\/wp-json\/wp\/v2\/pages\/13473\/revisions"}],"predecessor-version":[{"id":13996,"href":"https:\/\/marias-inn.gaeste-mappe.de\/en\/wp-json\/wp\/v2\/pages\/13473\/revisions\/13996"}],"wp:attachment":[{"href":"https:\/\/marias-inn.gaeste-mappe.de\/en\/wp-json\/wp\/v2\/media?parent=13473"}],"curies":[{"name":"wp","href":"https:\/\/api.w.org\/{rel}","templated":true}]}}