{"id":13466,"date":"2025-06-21T11:42:30","date_gmt":"2025-06-21T11:42:30","guid":{"rendered":"https:\/\/marias-inn.gaeste-mappe.de\/?page_id=13466"},"modified":"2025-08-23T15:32:18","modified_gmt":"2025-08-23T15:32:18","slug":"mobility","status":"publish","type":"page","link":"https:\/\/marias-inn.gaeste-mappe.de\/en\/mobilitaet\/","title":{"rendered":"Mobility"},"content":{"rendered":"<div data-elementor-type=\"wp-page\" data-elementor-id=\"13466\" class=\"elementor elementor-13466\" data-elementor-post-type=\"page\">\n\t\t\t\t\t\t<section class=\"elementor-section elementor-top-section elementor-element elementor-element-7375507d elementor-section-boxed elementor-section-height-default elementor-section-height-default\" data-id=\"7375507d\" data-element_type=\"section\" data-e-type=\"section\" data-settings=\"{&quot;background_background&quot;:&quot;classic&quot;}\">\n\t\t\t\t\t\t<div class=\"elementor-container elementor-column-gap-default\">\n\t\t\t\t\t<div class=\"elementor-column elementor-col-100 elementor-top-column elementor-element elementor-element-7605c9bd\" data-id=\"7605c9bd\" data-element_type=\"column\" data-e-type=\"column\">\n\t\t\t<div class=\"elementor-widget-wrap elementor-element-populated\">\n\t\t\t\t\t\t<div class=\"elementor-element elementor-element-7048c7f2 kopf elementor-icon-list--layout-traditional elementor-list-item-link-full_width elementor-widget elementor-widget-icon-list\" data-id=\"7048c7f2\" data-element_type=\"widget\" data-e-type=\"widget\" data-widget_type=\"icon-list.default\">\n\t\t\t\t<div class=\"elementor-widget-container\">\n\t\t\t\t\t\t\t<ul class=\"elementor-icon-list-items\">\n\t\t\t\t\t\t\t<li class=\"elementor-icon-list-item\">\n\t\t\t\t\t\t\t\t\t\t\t<span class=\"elementor-icon-list-icon\">\n\t\t\t\t\t\t\t<i aria-hidden=\"true\" class=\"fas fa-bus\"><\/i>\t\t\t\t\t\t<\/span>\n\t\t\t\t\t\t\t\t\t\t<span class=\"elementor-icon-list-text\">Mobility<\/span>\n\t\t\t\t\t\t\t\t\t<\/li>\n\t\t\t\t\t\t<\/ul>\n\t\t\t\t\t\t<\/div>\n\t\t\t\t<\/div>\n\t\t\t\t\t<\/div>\n\t\t<\/div>\n\t\t\t\t\t<\/div>\n\t\t<\/section>\n\t\t\t\t<section class=\"elementor-section elementor-top-section elementor-element elementor-element-466baeca elementor-section-boxed elementor-section-height-default elementor-section-height-default\" data-id=\"466baeca\" data-element_type=\"section\" data-e-type=\"section\">\n\t\t\t\t\t\t<div class=\"elementor-container elementor-column-gap-default\">\n\t\t\t\t\t<div class=\"elementor-column elementor-col-100 elementor-top-column elementor-element elementor-element-296a24f\" data-id=\"296a24f\" data-element_type=\"column\" data-e-type=\"column\">\n\t\t\t<div class=\"elementor-widget-wrap elementor-element-populated\">\n\t\t\t\t\t\t<div class=\"elementor-element elementor-element-713acec0 elementor-icon-list--layout-traditional elementor-list-item-link-full_width elementor-widget elementor-widget-icon-list\" data-id=\"713acec0\" data-element_type=\"widget\" data-e-type=\"widget\" data-widget_type=\"icon-list.default\">\n\t\t\t\t<div class=\"elementor-widget-container\">\n\t\t\t\t\t\t\t<ul class=\"elementor-icon-list-items\">\n\t\t\t\t\t\t\t<li class=\"elementor-icon-list-item\">\n\t\t\t\t\t\t\t\t\t\t\t<span class=\"elementor-icon-list-icon\">\n\t\t\t\t\t\t\t<svg xmlns=\"http:\/\/www.w3.org\/2000\/svg\" id=\"Layer_1\" height=\"512\" viewbox=\"0 0 512 512\" width=\"512\"><path clip-rule=\"evenodd\" d=\"m465 487.789v2.575c0 4.43-3.625 8.055-8.055 8.055h-11.096c-4.43 0-8.055-3.625-8.055-8.055v-2.575zm-189.585-175.369h2.285v35.318h-2.285c-3.052 0-5.549-2.497-5.549-5.549v-24.22c.001-3.052 2.497-5.549 5.549-5.549zm215.251 0h2.285c3.052 0 5.549 2.497 5.549 5.549v24.22c0 3.052-2.497 5.549-5.549 5.549h-2.285zm-477.166-15.57h23.314v-18.226h37.849v18.226h101.375v-18.226h37.849v18.226h23.313v26.358h-223.7zm69.025-283.269h123.958c21.533 0 40.009 10.921 50.39 29.786 36.652 66.604 80.728 102.363 204.899 138.664 2.599.758 4.32 3.052 4.32 5.759v59.791c0 3.305-2.695 6-6 6h-390.718c-30.774 0-55.873-25.099-55.873-55.874v-82.747c0-5.174.569-9.591 1.883-14.596l11.508-43.862c6.725-25.637 29.128-42.921 55.633-42.921zm178.546 104.074v50.656c0 2.405 1.323 4.462 3.511 5.46 6.676 3.043 13.571 6.039 20.695 8.985 3.967 1.64 8.292-1.251 8.292-5.544v-40.573c0-1.873-.769-3.485-2.225-4.663-7.218-5.843-13.805-11.967-19.911-18.437-3.728-3.953-10.362-1.318-10.362 4.116zm182.014 105.418v-18.22c0-2.706-1.719-4.999-4.316-5.758-5.273-1.542-10.4-3.083-15.389-4.625-3.879-1.199-7.772 1.672-7.772 5.732v19.263c0 2.809 1.869 5.179 4.601 5.834 5.104 1.224 10.287 2.432 15.549 3.626 3.775.855 7.327-1.982 7.327-5.852zm-78.989-40.763v23.538c0 2.708 1.722 5.003 4.323 5.76 5.638 1.642 11.389 3.261 17.252 4.859 3.836 1.045 7.577-1.813 7.577-5.789v-21.904c0-2.578-1.543-4.773-3.969-5.645-5.884-2.117-11.539-4.248-16.977-6.398-3.955-1.564-8.206 1.326-8.206 5.579zm-51.513-24.473v31.337c0 2.577 1.542 4.772 3.967 5.645 6.166 2.22 12.483 4.409 18.965 6.564 3.903 1.298 7.893-1.58 7.893-5.693v-27.78c0-2.339-1.245-4.342-3.342-5.379-6.522-3.223-12.665-6.512-18.47-9.883-4.012-2.33-9.013.548-9.013 5.189zm-226.674-116.359c-14.905 0-27.218 9.51-31 23.943l-8.177 31.203c-1.275 4.864 2.348 9.578 7.381 9.578h151.747c4.735 0 8.29-4.196 7.531-8.866l-5.189-31.914c-2.394-14.728-16.096-23.943-31-23.943h-91.293zm-23.509 104.074c-12.221 0-22.127 9.907-22.127 22.127s9.906 22.127 22.127 22.127c12.22 0 22.127-9.907 22.127-22.127s-9.907-22.127-22.127-22.127zm128.351 0c-12.22 0-22.127 9.907-22.127 22.127s9.906 22.127 22.127 22.127 22.127-9.907 22.127-22.127-9.907-22.127-22.127-22.127zm119.532 131.615h65.9v109.731h-82.484v-93.147c0-9.121 7.463-16.584 16.584-16.584zm81.9 0h65.9c9.121 0 16.584 7.463 16.584 16.585v93.147h-82.484zm82.484 125.731v68.892h-180.968v-68.892zm-34.69 20.525c-7.688 0-13.921 6.233-13.921 13.92 0 7.688 6.233 13.921 13.921 13.921s13.921-6.233 13.921-13.921c0-7.687-6.233-13.92-13.921-13.92zm-111.588 0c-7.688 0-13.921 6.233-13.921 13.92 0 7.688 6.233 13.921 13.921 13.921s13.921-6.233 13.921-13.921c0-7.687-6.232-13.92-13.921-13.92zm40.909 21.921h29.771c4.418 0 8-3.582 8-8s-3.582-8-8-8h-29.771c-4.418 0-8 3.582-8 8s3.582 8 8 8zm-38.726 42.445v2.575c0 4.43-3.625 8.055-8.055 8.055h-11.096c-4.43 0-8.055-3.625-8.055-8.055v-2.575z\" fill-rule=\"evenodd\"><\/path><\/svg>\t\t\t\t\t\t<\/span>\n\t\t\t\t\t\t\t\t\t\t<span class=\"elementor-icon-list-text\">Public transportation<\/span>\n\t\t\t\t\t\t\t\t\t<\/li>\n\t\t\t\t\t\t<\/ul>\n\t\t\t\t\t\t<\/div>\n\t\t\t\t<\/div>\n\t\t\t\t\t<\/div>\n\t\t<\/div>\n\t\t\t\t\t<\/div>\n\t\t<\/section>\n\t\t\t\t<section class=\"elementor-section elementor-top-section elementor-element elementor-element-6efdde25 elementor-section-boxed elementor-section-height-default elementor-section-height-default\" data-id=\"6efdde25\" data-element_type=\"section\" data-e-type=\"section\">\n\t\t\t\t\t\t<div class=\"elementor-container elementor-column-gap-default\">\n\t\t\t\t\t<div class=\"elementor-column elementor-col-100 elementor-top-column elementor-element elementor-element-531f6ddc\" data-id=\"531f6ddc\" data-element_type=\"column\" data-e-type=\"column\">\n\t\t\t<div class=\"elementor-widget-wrap elementor-element-populated\">\n\t\t\t\t\t\t<div class=\"elementor-element elementor-element-1b180210 elementor-widget elementor-widget-text-editor\" data-id=\"1b180210\" data-element_type=\"widget\" data-e-type=\"widget\" data-widget_type=\"text-editor.default\">\n\t\t\t\t<div class=\"elementor-widget-container\">\n\t\t\t\t\t\t\t\t\t<p><b>Thanks to our good public transport connections, you can reach your destination quickly and comfortably.\u00a0<\/b><\/p><p>The nearest bus stop, &quot;Garching, Lehrer-Stieglitz-Str,&quot; is about 200 meters from the hotel. Garching subway station is a ten-minute walk away. To find the best connection to your desired destination, please use the timetable information below.<\/p>\t\t\t\t\t\t\t\t<\/div>\n\t\t\t\t<\/div>\n\t\t\t\t<div class=\"elementor-element elementor-element-226247c elementor-icon-list--layout-traditional elementor-list-item-link-full_width elementor-widget elementor-widget-icon-list\" data-id=\"226247c\" data-element_type=\"widget\" data-e-type=\"widget\" data-widget_type=\"icon-list.default\">\n\t\t\t\t<div class=\"elementor-widget-container\">\n\t\t\t\t\t\t\t<ul class=\"elementor-icon-list-items\">\n\t\t\t\t\t\t\t<li class=\"elementor-icon-list-item\">\n\t\t\t\t\t\t\t\t\t\t\t<a href=\"https:\/\/www.google.com\/maps\/place\/48%C2%B015&#039;14.4%22N+11%C2%B039&#039;13.3%22E\/@48.253998,11.653684,658m\/data=!3m1!1e3!4m4!3m3!8m2!3d48.2539972!4d11.6536833!5m1!1e1?entry=ttu&#038;g_ep=EgoyMDI1MDgwNi4wIKXMDSoASAFQAw%3D%3D\" target=\"_blank\" rel=\"noopener\">\n\n\t\t\t\t\t\t\t\t\t\t\t\t<span class=\"elementor-icon-list-icon\">\n\t\t\t\t\t\t\t<i aria-hidden=\"true\" class=\"fas fa-map-marker-alt\"><\/i>\t\t\t\t\t\t<\/span>\n\t\t\t\t\t\t\t\t\t\t<span class=\"elementor-icon-list-text\">Garching bus stop<\/span>\n\t\t\t\t\t\t\t\t\t\t\t<\/a>\n\t\t\t\t\t\t\t\t\t<\/li>\n\t\t\t\t\t\t\t\t<li class=\"elementor-icon-list-item\">\n\t\t\t\t\t\t\t\t\t\t\t<a href=\"https:\/\/www.google.com\/maps\/place\/48%C2%B014&#039;57.76%22N+11%C2%B039&#039;12.06%22E\/@48.249378,11.653351,17z\" target=\"_blank\" rel=\"noopener\">\n\n\t\t\t\t\t\t\t\t\t\t\t\t<span class=\"elementor-icon-list-icon\">\n\t\t\t\t\t\t\t<i aria-hidden=\"true\" class=\"fas fa-map-marker-alt\"><\/i>\t\t\t\t\t\t<\/span>\n\t\t\t\t\t\t\t\t\t\t<span class=\"elementor-icon-list-text\">Garching subway station<\/span>\n\t\t\t\t\t\t\t\t\t\t\t<\/a>\n\t\t\t\t\t\t\t\t\t<\/li>\n\t\t\t\t\t\t\t\t<li class=\"elementor-icon-list-item\">\n\t\t\t\t\t\t\t\t\t\t\t<a href=\"https:\/\/www.mvv-muenchen.de\/fahrplanauskunft\/index.html\" target=\"_blank\" rel=\"noopener\">\n\n\t\t\t\t\t\t\t\t\t\t\t\t<span class=\"elementor-icon-list-icon\">\n\t\t\t\t\t\t\t<i aria-hidden=\"true\" class=\"fas fa-th-list\"><\/i>\t\t\t\t\t\t<\/span>\n\t\t\t\t\t\t\t\t\t\t<span class=\"elementor-icon-list-text\">Timetable information<\/span>\n\t\t\t\t\t\t\t\t\t\t\t<\/a>\n\t\t\t\t\t\t\t\t\t<\/li>\n\t\t\t\t\t\t<\/ul>\n\t\t\t\t\t\t<\/div>\n\t\t\t\t<\/div>\n\t\t\t\t\t<\/div>\n\t\t<\/div>\n\t\t\t\t\t<\/div>\n\t\t<\/section>\n\t\t\t\t<section class=\"elementor-section elementor-top-section elementor-element elementor-element-be78a3d elementor-section-boxed elementor-section-height-default elementor-section-height-default\" data-id=\"be78a3d\" data-element_type=\"section\" data-e-type=\"section\">\n\t\t\t\t\t\t<div class=\"elementor-container elementor-column-gap-default\">\n\t\t\t\t\t<div class=\"elementor-column elementor-col-100 elementor-top-column elementor-element elementor-element-9e1b67d\" data-id=\"9e1b67d\" data-element_type=\"column\" data-e-type=\"column\">\n\t\t\t<div class=\"elementor-widget-wrap elementor-element-populated\">\n\t\t\t\t\t\t<div class=\"elementor-element elementor-element-5a8c70f elementor-icon-list--layout-traditional elementor-list-item-link-full_width elementor-widget elementor-widget-icon-list\" data-id=\"5a8c70f\" data-element_type=\"widget\" data-e-type=\"widget\" data-widget_type=\"icon-list.default\">\n\t\t\t\t<div class=\"elementor-widget-container\">\n\t\t\t\t\t\t\t<ul class=\"elementor-icon-list-items\">\n\t\t\t\t\t\t\t<li class=\"elementor-icon-list-item\">\n\t\t\t\t\t\t\t\t\t\t\t<span class=\"elementor-icon-list-icon\">\n\t\t\t\t\t\t\t<svg xmlns=\"http:\/\/www.w3.org\/2000\/svg\" height=\"512\" viewbox=\"0 0 512 512\" width=\"512\"><g id=\"_36_Taxi\" data-name=\"36 Taxi\"><path d=\"m215.22 231a2.38 2.38 0 0 0 -4.44 0l-14 36a2.37 2.37 0 0 0 2.21 3.24h28a2.37 2.37 0 0 0 2.21-3.24z\"><\/path><path d=\"m499.81 327.9-42.25-162a36.15 36.15 0 0 0 -35-27h-333.38a36.15 36.15 0 0 0 -35 27.09l-42 162a36.15 36.15 0 0 0 35 45.23h417.65a36.15 36.15 0 0 0 34.98-45.32zm-345.63-125a12.26 12.26 0 0 1 -12.26 12.27h-8.38a3.18 3.18 0 0 0 -3.18 3.17v90.4a12.62 12.62 0 0 1 -12.62 12.62 12.62 12.62 0 0 1 -12.61-12.62v-90.4a3.18 3.18 0 0 0 -3.18-3.17h-7.75a12.27 12.27 0 0 1 -12.27-12.27 12.26 12.26 0 0 1 12.27-12.26h47.72a12.26 12.26 0 0 1 12.26 12.26zm104 118.46a12.05 12.05 0 0 1 -11.27-7.77l-5.58-14.69a6.92 6.92 0 0 0 -6.47-4.47h-43.86a6.93 6.93 0 0 0 -6.44 4.38l-5.88 14.9a12.1 12.1 0 0 1 -22.54-8.8l39.53-102.5a18.38 18.38 0 0 1 17.15-11.77 18.37 18.37 0 0 1 17.18 11.78l39.45 102.58a12.05 12.05 0 0 1 -11.25 16.36zm113.43 0a11.68 11.68 0 0 1 -9.79-5.3l-26.6-40.66-26.59 40.6a11.77 11.77 0 0 1 -9.85 5.33 11.77 11.77 0 0 1 -9.85-18.23l32.25-49.1-29.59-45.21a11.71 11.71 0 0 1 19.6-12.82l24 36.67 24.07-36.69a11.71 11.71 0 0 1 9.79-5.28 11.7 11.7 0 0 1 9.79 18.11l-29.63 45.22 32.22 49.22a11.71 11.71 0 0 1 -9.8 18.14zm58.46-12.36a12.35 12.35 0 0 1 -12.35 12.35 12.35 12.35 0 0 1 -12.36-12.35v-106a12.35 12.35 0 0 1 12.36-12.35 12.35 12.35 0 0 1 12.35 12.35z\"><\/path><\/g><\/svg>\t\t\t\t\t\t<\/span>\n\t\t\t\t\t\t\t\t\t\t<span class=\"elementor-icon-list-text\">taxi<\/span>\n\t\t\t\t\t\t\t\t\t<\/li>\n\t\t\t\t\t\t<\/ul>\n\t\t\t\t\t\t<\/div>\n\t\t\t\t<\/div>\n\t\t\t\t\t<\/div>\n\t\t<\/div>\n\t\t\t\t\t<\/div>\n\t\t<\/section>\n\t\t\t\t<section class=\"elementor-section elementor-top-section elementor-element elementor-element-d891406 elementor-section-boxed elementor-section-height-default elementor-section-height-default\" data-id=\"d891406\" data-element_type=\"section\" data-e-type=\"section\">\n\t\t\t\t\t\t<div class=\"elementor-container elementor-column-gap-default\">\n\t\t\t\t\t<div class=\"elementor-column elementor-col-100 elementor-top-column elementor-element elementor-element-006ba19\" data-id=\"006ba19\" data-element_type=\"column\" data-e-type=\"column\">\n\t\t\t<div class=\"elementor-widget-wrap elementor-element-populated\">\n\t\t\t\t\t\t<div class=\"elementor-element elementor-element-d94e260 elementor-widget elementor-widget-text-editor\" data-id=\"d94e260\" data-element_type=\"widget\" data-e-type=\"widget\" data-widget_type=\"text-editor.default\">\n\t\t\t\t<div class=\"elementor-widget-container\">\n\t\t\t\t\t\t\t\t\t<p>Tip: If you prefer a taxi, we recommend Taxi TUR<\/p><p><strong>Taxi TUR GmbH<\/strong><\/p><p>Explore:\u00a0<a href=\"tel:+4916261382\">+49 (0)162-613 82 89<\/a><br \/>E-mail:\u00a0<a href=\"mailto:erkun.malkoc@icloud.com\">erkun.malkoc@icloud.com<\/a><\/p><p>Daimlerstrasse 10<br \/>85748 Garching near Munich<\/p>\t\t\t\t\t\t\t\t<\/div>\n\t\t\t\t<\/div>\n\t\t\t\t\t<\/div>\n\t\t<\/div>\n\t\t\t\t\t<\/div>\n\t\t<\/section>\n\t\t\t\t<\/div>","protected":false},"excerpt":{"rendered":"<p>Mobilit\u00e4t \u00d6ffentliche Verkehrsmittel Dank unserer guten Anbindung an \u00f6ffentliche Verkehrsmittel kommen Sie schnell und bequem an Ihr Ziel.\u00a0 Die n\u00e4chste Bushaltestelle \u201eGarching, Lehrer-Stieglitz-Str\u201d liegt etwa 200 Meter vom Hotel entfernt \u2013 zum U-Bahnhof Garching ben\u00f6tigen Sie zu Fu\u00df etwa zehn Minuten. Um die beste Verbindung an Ihr gew\u00fcnschtes Ziel zu finden, nutzen Sie am besten [&hellip;]<\/p>\n","protected":false},"author":2,"featured_media":0,"parent":0,"menu_order":0,"comment_status":"closed","ping_status":"closed","template":"","meta":{"site-sidebar-layout":"no-sidebar","site-content-layout":"page-builder","ast-site-content-layout":"full-width-container","site-content-style":"unboxed","site-sidebar-style":"unboxed","ast-global-header-display":"","ast-banner-title-visibility":"","ast-main-header-display":"","ast-hfb-above-header-display":"","ast-hfb-below-header-display":"","ast-hfb-mobile-header-display":"","site-post-title":"disabled","ast-breadcrumbs-content":"","ast-featured-img":"disabled","footer-sml-layout":"","ast-disable-related-posts":"","theme-transparent-header-meta":"","adv-header-id-meta":"","stick-header-meta":"","header-above-stick-meta":"","header-main-stick-meta":"","header-below-stick-meta":"","astra-migrate-meta-layouts":"set","ast-page-background-enabled":"default","ast-page-background-meta":{"desktop":{"background-color":"var(--ast-global-color-4)","background-image":"","background-repeat":"repeat","background-position":"center center","background-size":"auto","background-attachment":"scroll","background-type":"","background-media":"","overlay-type":"","overlay-color":"","overlay-opacity":"","overlay-gradient":""},"tablet":{"background-color":"","background-image":"","background-repeat":"repeat","background-position":"center center","background-size":"auto","background-attachment":"scroll","background-type":"","background-media":"","overlay-type":"","overlay-color":"","overlay-opacity":"","overlay-gradient":""},"mobile":{"background-color":"","background-image":"","background-repeat":"repeat","background-position":"center center","background-size":"auto","background-attachment":"scroll","background-type":"","background-media":"","overlay-type":"","overlay-color":"","overlay-opacity":"","overlay-gradient":""}},"ast-content-background-meta":{"desktop":{"background-color":"var(--ast-global-color-5)","background-image":"","background-repeat":"repeat","background-position":"center center","background-size":"auto","background-attachment":"scroll","background-type":"","background-media":"","overlay-type":"","overlay-color":"","overlay-opacity":"","overlay-gradient":""},"tablet":{"background-color":"var(--ast-global-color-5)","background-image":"","background-repeat":"repeat","background-position":"center center","background-size":"auto","background-attachment":"scroll","background-type":"","background-media":"","overlay-type":"","overlay-color":"","overlay-opacity":"","overlay-gradient":""},"mobile":{"background-color":"var(--ast-global-color-5)","background-image":"","background-repeat":"repeat","background-position":"center center","background-size":"auto","background-attachment":"scroll","background-type":"","background-media":"","overlay-type":"","overlay-color":"","overlay-opacity":"","overlay-gradient":""}},"_glsr_average":0,"_glsr_ranking":0,"_glsr_reviews":0,"footnotes":""},"class_list":["post-13466","page","type-page","status-publish","hentry"],"_links":{"self":[{"href":"https:\/\/marias-inn.gaeste-mappe.de\/en\/wp-json\/wp\/v2\/pages\/13466","targetHints":{"allow":["GET"]}}],"collection":[{"href":"https:\/\/marias-inn.gaeste-mappe.de\/en\/wp-json\/wp\/v2\/pages"}],"about":[{"href":"https:\/\/marias-inn.gaeste-mappe.de\/en\/wp-json\/wp\/v2\/types\/page"}],"author":[{"embeddable":true,"href":"https:\/\/marias-inn.gaeste-mappe.de\/en\/wp-json\/wp\/v2\/users\/2"}],"replies":[{"embeddable":true,"href":"https:\/\/marias-inn.gaeste-mappe.de\/en\/wp-json\/wp\/v2\/comments?post=13466"}],"version-history":[{"count":20,"href":"https:\/\/marias-inn.gaeste-mappe.de\/en\/wp-json\/wp\/v2\/pages\/13466\/revisions"}],"predecessor-version":[{"id":14175,"href":"https:\/\/marias-inn.gaeste-mappe.de\/en\/wp-json\/wp\/v2\/pages\/13466\/revisions\/14175"}],"wp:attachment":[{"href":"https:\/\/marias-inn.gaeste-mappe.de\/en\/wp-json\/wp\/v2\/media?parent=13466"}],"curies":[{"name":"wp","href":"https:\/\/api.w.org\/{rel}","templated":true}]}}