{"id":12560,"date":"2024-10-27T12:09:06","date_gmt":"2024-10-27T12:09:06","guid":{"rendered":"https:\/\/pfefferundsalz.gaeste-mappe.de\/?page_id=12560"},"modified":"2025-08-23T16:05:46","modified_gmt":"2025-08-23T16:05:46","slug":"munich","status":"publish","type":"page","link":"https:\/\/marias-inn.gaeste-mappe.de\/en\/muenchen\/","title":{"rendered":"Munich"},"content":{"rendered":"\t\t<div data-elementor-type=\"wp-page\" data-elementor-id=\"12560\" class=\"elementor elementor-12560\" data-elementor-post-type=\"page\">\n\t\t\t\t\t\t<section class=\"elementor-section elementor-top-section elementor-element elementor-element-7054bb1e elementor-section-boxed elementor-section-height-default elementor-section-height-default\" data-id=\"7054bb1e\" data-element_type=\"section\" data-e-type=\"section\" data-settings=\"{&quot;background_background&quot;:&quot;classic&quot;}\">\n\t\t\t\t\t\t<div class=\"elementor-container elementor-column-gap-default\">\n\t\t\t\t\t<div class=\"elementor-column elementor-col-100 elementor-top-column elementor-element elementor-element-3e2a5492\" data-id=\"3e2a5492\" data-element_type=\"column\" data-e-type=\"column\">\n\t\t\t<div class=\"elementor-widget-wrap elementor-element-populated\">\n\t\t\t\t\t\t<div class=\"elementor-element elementor-element-7b3eaa0d kopf elementor-icon-list--layout-traditional elementor-list-item-link-full_width elementor-widget elementor-widget-icon-list\" data-id=\"7b3eaa0d\" data-element_type=\"widget\" data-e-type=\"widget\" data-widget_type=\"icon-list.default\">\n\t\t\t\t<div class=\"elementor-widget-container\">\n\t\t\t\t\t\t\t<ul class=\"elementor-icon-list-items\">\n\t\t\t\t\t\t\t<li class=\"elementor-icon-list-item\">\n\t\t\t\t\t\t\t\t\t\t\t<span class=\"elementor-icon-list-icon\">\n\t\t\t\t\t\t\t<svg xmlns=\"http:\/\/www.w3.org\/2000\/svg\" data-name=\"Layer 1\" id=\"Layer_1\" viewBox=\"0 0 128 128\"><title><\/title><path d=\"M80,64h39.46l-6.25-9.32A6.00354,6.00354,0,0,0,108.2,52H80Z\"><\/path><path d=\"M122.14,68H80V80h44v42h-7V92a2,2,0,0,0-4,0v30h-6V92a2,2,0,0,0-4,0v30H97V92a2,2,0,0,0-4,0v30H87V92a2,2,0,0,0-4,0v30H76V40a6.0093,6.0093,0,0,0-3-5.19V26a6.01039,6.01039,0,0,0-3.19-5.3A7.95554,7.95554,0,0,0,64,11.26V4a2,2,0,0,0-4,0v7.26a7.95554,7.95554,0,0,0-5.81,9.44A6.01039,6.01039,0,0,0,51,26v8.81A6.0093,6.0093,0,0,0,48,40v82H44V64H30.09A6.03963,6.03963,0,0,0,24,69.98V122H20V92H5.91A6.01793,6.01793,0,0,0,0,98.11V124a2.00591,2.00591,0,0,0,2,2H126a2.00591,2.00591,0,0,0,2-2V78.58A6.05869,6.05869,0,0,0,126.97,75.2ZM8,115a2,2,0,0,1-4,0v-2a2,2,0,0,1,4,0Zm0-10a2,2,0,0,1-4,0v-2a2,2,0,0,1,4,0Zm8,10a2,2,0,0,1-4,0v-2a2,2,0,0,1,4,0Zm0-10a2,2,0,0,1-4,0v-2a2,2,0,0,1,4,0Zm16,11.03a2,2,0,1,1-4,0v-2a2,2,0,0,1,4,0Zm0-10.01a2,2,0,0,1-4,0v-2a2,2,0,0,1,4,0ZM32,96.01a2,2,0,0,1-4,0v-2a2,2,0,0,1,4,0Zm0-10a2,2,0,0,1-4,0v-2a2,2,0,0,1,4,0ZM32,76a2,2,0,0,1-4,0V74a2,2,0,0,1,4,0Zm8.01,40.03a2,2,0,0,1-4,0v-2a2,2,0,0,1,4,0Zm0-10.01a2,2,0,0,1-4,0v-2a2,2,0,0,1,4,0Zm0-10.00995a2,2,0,0,1-4,0v-2a2,2,0,0,1,4,0Zm0-10a2,2,0,0,1-4,0v-2a2,2,0,0,1,4,0Zm0-10.01a2,2,0,0,1-4,0V74a2,2,0,0,1,4,0ZM66,116.04H58v-8h8Zm0-16.01H58v-8h8Zm0-16.01H58v-8h8ZM66,68.01H58v-8h8ZM66,52H58V44h8Zm3-18H55V26a2.00587,2.00587,0,0,1,2-2H67a2.00587,2.00587,0,0,1,2,2Z\"><\/path><\/svg>\t\t\t\t\t\t<\/span>\n\t\t\t\t\t\t\t\t\t\t<span class=\"elementor-icon-list-text\">M\u00fcnchen<\/span>\n\t\t\t\t\t\t\t\t\t<\/li>\n\t\t\t\t\t\t<\/ul>\n\t\t\t\t\t\t<\/div>\n\t\t\t\t<\/div>\n\t\t\t\t\t<\/div>\n\t\t<\/div>\n\t\t\t\t\t<\/div>\n\t\t<\/section>\n\t\t\t\t<section class=\"elementor-section elementor-top-section elementor-element elementor-element-c43ad0f elementor-section-boxed elementor-section-height-default elementor-section-height-default\" data-id=\"c43ad0f\" data-element_type=\"section\" data-e-type=\"section\">\n\t\t\t\t\t\t<div class=\"elementor-container elementor-column-gap-default\">\n\t\t\t\t\t<div class=\"elementor-column elementor-col-100 elementor-top-column elementor-element elementor-element-3bdd941\" data-id=\"3bdd941\" data-element_type=\"column\" data-e-type=\"column\">\n\t\t\t<div class=\"elementor-widget-wrap elementor-element-populated\">\n\t\t\t\t\t\t<div class=\"elementor-element elementor-element-1bedb1c elementor-icon-list--layout-traditional elementor-list-item-link-full_width elementor-widget elementor-widget-icon-list\" data-id=\"1bedb1c\" data-element_type=\"widget\" data-e-type=\"widget\" data-widget_type=\"icon-list.default\">\n\t\t\t\t<div class=\"elementor-widget-container\">\n\t\t\t\t\t\t\t<ul class=\"elementor-icon-list-items\">\n\t\t\t\t\t\t\t<li class=\"elementor-icon-list-item\">\n\t\t\t\t\t\t\t\t\t\t<span class=\"elementor-icon-list-text\">Drei Videos f\u00fcr einen ersten Eindruck<\/span>\n\t\t\t\t\t\t\t\t\t<\/li>\n\t\t\t\t\t\t<\/ul>\n\t\t\t\t\t\t<\/div>\n\t\t\t\t<\/div>\n\t\t\t\t\t<\/div>\n\t\t<\/div>\n\t\t\t\t\t<\/div>\n\t\t<\/section>\n\t\t\t\t<section class=\"elementor-section elementor-top-section elementor-element elementor-element-76c6800 elementor-section-boxed elementor-section-height-default elementor-section-height-default\" data-id=\"76c6800\" data-element_type=\"section\" data-e-type=\"section\">\n\t\t\t\t\t\t<div class=\"elementor-container elementor-column-gap-default\">\n\t\t\t\t\t<div class=\"elementor-column elementor-col-100 elementor-top-column elementor-element elementor-element-b83c234\" data-id=\"b83c234\" data-element_type=\"column\" data-e-type=\"column\">\n\t\t\t<div class=\"elementor-widget-wrap elementor-element-populated\">\n\t\t\t\t\t\t<div class=\"elementor-element elementor-element-6521615 e-tabs-view-vertical elementor-layout-end elementor-widget elementor-widget-video-playlist\" data-id=\"6521615\" data-element_type=\"widget\" data-e-type=\"widget\" data-settings=\"{&quot;playlist_title&quot;:&quot;Playlist&quot;,&quot;tabs&quot;:[{&quot;title&quot;:&quot;Die Altsadt&quot;,&quot;youtube_url&quot;:&quot;https:\\\/\\\/www.youtube.com\\\/watch?v=VhkWdMglvjo&quot;,&quot;duration&quot;:&quot;02:05&quot;,&quot;thumbnail&quot;:{&quot;url&quot;:&quot;https:\\\/\\\/marias-inn.gaeste-mappe.de\\\/wp-content\\\/uploads\\\/2025\\\/08\\\/video1.jpg&quot;,&quot;id&quot;:14152,&quot;size&quot;:&quot;&quot;,&quot;alt&quot;:&quot;&quot;,&quot;source&quot;:&quot;library&quot;},&quot;_id&quot;:&quot;d551910&quot;,&quot;vimeo_url&quot;:null,&quot;type&quot;:&quot;youtube&quot;,&quot;is_external_url&quot;:null,&quot;hosted_url&quot;:null,&quot;external_url&quot;:null,&quot;section_html_tag&quot;:null,&quot;video_html_tag&quot;:&quot;h4&quot;,&quot;inner_tab_is_content_visible&quot;:&quot;&quot;,&quot;inner_tab_content_1&quot;:null,&quot;inner_tab_content_2&quot;:null},{&quot;title&quot;:&quot;Kunst &amp; Entspannung&quot;,&quot;youtube_url&quot;:&quot;https:\\\/\\\/youtu.be\\\/Dal6bo6Zy-g?si=zJO4tKZ2buCi9AAb&quot;,&quot;duration&quot;:&quot;05:55&quot;,&quot;thumbnail&quot;:{&quot;url&quot;:&quot;https:\\\/\\\/marias-inn.gaeste-mappe.de\\\/wp-content\\\/uploads\\\/2025\\\/08\\\/video2.jpg&quot;,&quot;id&quot;:14153,&quot;size&quot;:&quot;&quot;,&quot;alt&quot;:&quot;&quot;,&quot;source&quot;:&quot;library&quot;},&quot;_id&quot;:&quot;c62fde4&quot;,&quot;vimeo_url&quot;:null,&quot;type&quot;:&quot;youtube&quot;,&quot;is_external_url&quot;:null,&quot;hosted_url&quot;:null,&quot;external_url&quot;:null,&quot;section_html_tag&quot;:null,&quot;video_html_tag&quot;:&quot;h4&quot;,&quot;inner_tab_is_content_visible&quot;:&quot;&quot;,&quot;inner_tab_content_1&quot;:null,&quot;inner_tab_content_2&quot;:null},{&quot;title&quot;:&quot;Kultur &amp; Olympia&quot;,&quot;youtube_url&quot;:&quot;https:\\\/\\\/www.youtube.com\\\/watch?v=-i1umGl6yq8&quot;,&quot;duration&quot;:&quot;07:21&quot;,&quot;thumbnail&quot;:{&quot;url&quot;:&quot;https:\\\/\\\/marias-inn.gaeste-mappe.de\\\/wp-content\\\/uploads\\\/2025\\\/08\\\/video3-1.jpg&quot;,&quot;id&quot;:14155,&quot;size&quot;:&quot;&quot;,&quot;alt&quot;:&quot;&quot;,&quot;source&quot;:&quot;library&quot;},&quot;_id&quot;:&quot;865d092&quot;,&quot;vimeo_url&quot;:null,&quot;type&quot;:&quot;youtube&quot;,&quot;is_external_url&quot;:null,&quot;hosted_url&quot;:null,&quot;external_url&quot;:null,&quot;section_html_tag&quot;:null,&quot;video_html_tag&quot;:&quot;h4&quot;,&quot;inner_tab_is_content_visible&quot;:&quot;&quot;,&quot;inner_tab_content_1&quot;:null,&quot;inner_tab_content_2&quot;:null}],&quot;inner_tab_title_1&quot;:&quot;Tab #1&quot;,&quot;inner_tab_title_2&quot;:&quot;Tab #2&quot;}\" data-widget_type=\"video-playlist.default\">\n\t\t\t\t<div class=\"elementor-widget-container\">\n\t\t\t\t\t\n\t\t<div class=\"e-tabs\" role=\"region\" aria-labelledby=\"e-playlist-6521615\">\n\t\t\t<div class=\"e-tabs-main-area\">\n\t\t\t\t<div class=\"e-tabs-wrapper\">\n\t\t\t\t\t<div class=\"e-tabs-header\">\n\t\t\t\t\t\t<h2 class=\"e-tabs-title\" id=\"e-playlist-6521615\">Playlist<\/h2>\n\t\t\t\t\t\t<div class=\"e-tabs-header-right-side\">\n\t\t\t\t\t\t\t\t\t\t\t\t\t\t\t<span class=\"e-tabs-videos-count\">3 Videos<\/span>\n\t\t\t\t\t\t\t\t\t\t\t\t\t\t<i aria-hidden=\"true\" class=\"e-tabs-toggle-videos-display-button rotate-down eicon-caret-down\"><\/i>\t\t\t\t\t\t<\/div>\n\t\t\t\t\t<\/div>\n\t\t\t\t\t<div class=\"e-tabs-items-wrapper\">\n\t\t\t\t\t\t<div class=\"e-tabs-items\" role=\"tablist\">\n\t\t\t\t\t\t\t\t\t\t\t\t\t\t\t\t\t\t\t\t\t\t\t\t<div id=\"e-tab-title-1061\" class=\"e-tab-title e-tab-desktop-title\" aria-selected=\"true\" data-tab=\"1\" role=\"tab\" tabindex=\"0\" aria-controls=\"e-tab-content-1061\">\n\t\t\t\t\t\t\t\t\t\t\t\t\t\t\t\t\t\t\t\t\t<span class=\"icon-play\"><i aria-hidden=\"true\" class=\"fas fa-play-circle\"><\/i><\/span>\n\t\t\t\t\t\t\t\t\t\t\t<span class=\"icon-watched\"><i aria-hidden=\"true\" class=\"fas fa-check-circle\"><\/i><\/span>\n\t\t\t\t\t\t\t\t\t\t\t\t\t\t\t\t\t\t\t\t<h4 class=\"e-tab-title-text\">\n\t\t\t\t\t\t\t\t\t\t\t<button type=\"button\">Die Altsadt<\/button>\n\t\t\t\t\t\t\t\t\t\t<\/h4>\n\t\t\t\t\t\t\t\t\t\t\t\t\t\t\t\t\t\t\t\t\t<span class=\"e-tab-duration\">02:05<\/span>\n\t\t\t\t\t\t\t\t\t\t\t\t\t\t\t\t\t\t\t<\/div>\n\t\t\t\t\t\t\t\t\t\t\t\t\t\t\t\t\t\t\t\t\t\t\t\t\t\t\t\t\t\t\t\t<div id=\"e-tab-title-1062\" class=\"e-tab-title e-tab-desktop-title\" aria-selected=\"false\" data-tab=\"2\" role=\"tab\" tabindex=\"-1\" aria-controls=\"e-tab-content-1062\">\n\t\t\t\t\t\t\t\t\t\t\t\t\t\t\t\t\t\t\t\t\t<span class=\"icon-play\"><i aria-hidden=\"true\" class=\"fas fa-play-circle\"><\/i><\/span>\n\t\t\t\t\t\t\t\t\t\t\t<span class=\"icon-watched\"><i aria-hidden=\"true\" class=\"fas fa-check-circle\"><\/i><\/span>\n\t\t\t\t\t\t\t\t\t\t\t\t\t\t\t\t\t\t\t\t<h4 class=\"e-tab-title-text\">\n\t\t\t\t\t\t\t\t\t\t\t<button type=\"button\">Kunst & Entspannung<\/button>\n\t\t\t\t\t\t\t\t\t\t<\/h4>\n\t\t\t\t\t\t\t\t\t\t\t\t\t\t\t\t\t\t\t\t\t<span class=\"e-tab-duration\">05:55<\/span>\n\t\t\t\t\t\t\t\t\t\t\t\t\t\t\t\t\t\t\t<\/div>\n\t\t\t\t\t\t\t\t\t\t\t\t\t\t\t\t\t\t\t\t\t\t\t\t\t\t\t\t\t\t\t\t<div id=\"e-tab-title-1063\" class=\"e-tab-title e-tab-desktop-title\" aria-selected=\"false\" data-tab=\"3\" role=\"tab\" tabindex=\"-1\" aria-controls=\"e-tab-content-1063\">\n\t\t\t\t\t\t\t\t\t\t\t\t\t\t\t\t\t\t\t\t\t<span class=\"icon-play\"><i aria-hidden=\"true\" class=\"fas fa-play-circle\"><\/i><\/span>\n\t\t\t\t\t\t\t\t\t\t\t<span class=\"icon-watched\"><i aria-hidden=\"true\" class=\"fas fa-check-circle\"><\/i><\/span>\n\t\t\t\t\t\t\t\t\t\t\t\t\t\t\t\t\t\t\t\t<h4 class=\"e-tab-title-text\">\n\t\t\t\t\t\t\t\t\t\t\t<button type=\"button\">Kultur & Olympia<\/button>\n\t\t\t\t\t\t\t\t\t\t<\/h4>\n\t\t\t\t\t\t\t\t\t\t\t\t\t\t\t\t\t\t\t\t\t<span class=\"e-tab-duration\">07:21<\/span>\n\t\t\t\t\t\t\t\t\t\t\t\t\t\t\t\t\t\t\t<\/div>\n\t\t\t\t\t\t\t\t\t\t\t\t\t\t\t\t\t\t\t\t\t<\/div>\n\t\t\t\t\t\t<div class=\"shadow shadow-top\" aria-hidden=\"true\"><\/div>\n\t\t\t\t\t\t<div class=\"shadow shadow-bottom\" aria-hidden=\"true\"><\/div>\n\t\t\t\t\t<\/div>\n\t\t\t\t<\/div>\n\n\t\t\t\t<div class=\"e-tabs-content-wrapper\" role=\"tablist\" aria-orientation=\"vertical\">\n\t\t\t\t\t\t\t\t\t\t\t<div id=\"e-tab-content-1061\" class=\"e-tab-content elementor-clearfix\" data-tab=\"1\" role=\"tabpanel\" aria-labelledby=\"e-tab-title-1061\" tabindex=\"0\" data-video-url=\"https:\/\/www.youtube.com\/watch?v=VhkWdMglvjo\" data-video-type=\"youtube\" data-video-title=\"Die Altsadt\" data-video-duration=\"02:05\">\n\t\t\t\t\t\t\t<div><\/div>\n\t\t\t\t\t\t\t\t\t\t\t\t\t<\/div>\n\t\t\t\t\t\t\t\t\t\t\t<div id=\"e-tab-content-1062\" class=\"e-tab-content elementor-clearfix\" data-tab=\"2\" role=\"tabpanel\" aria-labelledby=\"e-tab-title-1062\" tabindex=\"0\" data-video-url=\"https:\/\/youtu.be\/Dal6bo6Zy-g?si=zJO4tKZ2buCi9AAb\" data-video-type=\"youtube\" data-video-title=\"Kunst &amp; Entspannung\" data-video-duration=\"05:55\" hidden=\"hidden\">\n\t\t\t\t\t\t\t<div><\/div>\n\t\t\t\t\t\t\t\t\t\t\t\t\t<\/div>\n\t\t\t\t\t\t\t\t\t\t\t<div id=\"e-tab-content-1063\" class=\"e-tab-content elementor-clearfix\" data-tab=\"3\" role=\"tabpanel\" aria-labelledby=\"e-tab-title-1063\" tabindex=\"0\" data-video-url=\"https:\/\/www.youtube.com\/watch?v=-i1umGl6yq8\" data-video-type=\"youtube\" data-video-title=\"Kultur &amp; Olympia\" data-video-duration=\"07:21\" hidden=\"hidden\">\n\t\t\t\t\t\t\t<div><\/div>\n\t\t\t\t\t\t\t\t\t\t\t\t\t<\/div>\n\t\t\t\t\t\t\t\t\t<\/div>\n\t\t\t<\/div>\n\n\t\t\t<div class=\"e-tabs-inner-tabs\" >\n\t\t\t\t\t\t\t\t\t\t\t\t\t\t\t\t\t\t\t\t\t\t\t\t\t\t\t\t\t\t\t\t\t\t<\/div>\n\t\t<\/div>\n\t\t\t\t\t\t<\/div>\n\t\t\t\t<\/div>\n\t\t\t\t\t<\/div>\n\t\t<\/div>\n\t\t\t\t\t<\/div>\n\t\t<\/section>\n\t\t\t\t<section class=\"elementor-section elementor-top-section elementor-element elementor-element-29f0bd76 elementor-section-boxed elementor-section-height-default elementor-section-height-default\" data-id=\"29f0bd76\" data-element_type=\"section\" data-e-type=\"section\">\n\t\t\t\t\t\t<div class=\"elementor-container elementor-column-gap-default\">\n\t\t\t\t\t<div class=\"elementor-column elementor-col-100 elementor-top-column elementor-element elementor-element-6546d78b\" data-id=\"6546d78b\" data-element_type=\"column\" data-e-type=\"column\">\n\t\t\t<div class=\"elementor-widget-wrap elementor-element-populated\">\n\t\t\t\t\t\t<div class=\"elementor-element elementor-element-46aa3229 elementor-icon-list--layout-traditional elementor-list-item-link-full_width elementor-widget elementor-widget-icon-list\" data-id=\"46aa3229\" data-element_type=\"widget\" data-e-type=\"widget\" data-widget_type=\"icon-list.default\">\n\t\t\t\t<div class=\"elementor-widget-container\">\n\t\t\t\t\t\t\t<ul class=\"elementor-icon-list-items\">\n\t\t\t\t\t\t\t<li class=\"elementor-icon-list-item\">\n\t\t\t\t\t\t\t\t\t\t<span class=\"elementor-icon-list-text\">M\u00fcnchen \u2013 Die Weltstadt mit Herz<\/span>\n\t\t\t\t\t\t\t\t\t<\/li>\n\t\t\t\t\t\t<\/ul>\n\t\t\t\t\t\t<\/div>\n\t\t\t\t<\/div>\n\t\t\t\t\t<\/div>\n\t\t<\/div>\n\t\t\t\t\t<\/div>\n\t\t<\/section>\n\t\t\t\t<section class=\"elementor-section elementor-top-section elementor-element elementor-element-7a7b8a60 elementor-section-boxed elementor-section-height-default elementor-section-height-default\" data-id=\"7a7b8a60\" data-element_type=\"section\" data-e-type=\"section\">\n\t\t\t\t\t\t<div class=\"elementor-container elementor-column-gap-default\">\n\t\t\t\t\t<div class=\"elementor-column elementor-col-100 elementor-top-column elementor-element elementor-element-6a90a33d\" data-id=\"6a90a33d\" data-element_type=\"column\" data-e-type=\"column\">\n\t\t\t<div class=\"elementor-widget-wrap elementor-element-populated\">\n\t\t\t\t\t\t<div class=\"elementor-element elementor-element-5d1c43c1 elementor-widget elementor-widget-text-editor\" data-id=\"5d1c43c1\" data-element_type=\"widget\" data-e-type=\"widget\" data-widget_type=\"text-editor.default\">\n\t\t\t\t<div class=\"elementor-widget-container\">\n\t\t\t\t\t\t\t\t\t<p>M\u00fcnchen, die bayerische Landeshauptstadt, ist nur einen Katzensprung von Garching entfernt und z\u00e4hlt zu den beliebtesten Reisezielen Europas. <br \/><br \/>Die Stadt vereint Tradition und Moderne, bayerische Gem\u00fctlichkeit und internationale Weltoffenheit \u2013 perfekt f\u00fcr einen unvergesslichen Ausflug w\u00e4hrend Ihres Aufenthalts.<\/p><h3><span style=\"color: #4f4f4f;\"><strong>Kunst &amp; Kultur<\/strong><\/span><\/h3><p>In M\u00fcnchen erwartet Sie ein einzigartiges Kulturangebot: Die weltbekannten <strong>Pinakotheken<\/strong> zeigen Meisterwerke von der Antike bis zur Moderne, das <strong>Deutsche Museum<\/strong> begeistert mit spannender Technik- und Naturwissenschaft, und die <strong>Bayerische Staatsoper<\/strong> z\u00e4hlt zu den f\u00fchrenden Opernh\u00e4usern der Welt. <br \/><br \/>Auch kleinere Galerien, Theater und Konzerth\u00e4user sorgen f\u00fcr ein vielf\u00e4ltiges Programm.<\/p><h3><span style=\"color: #4f4f4f;\"><strong>Sehensw\u00fcrdigkeiten &amp; Highlights<\/strong><\/span><\/h3><p>Zu den Wahrzeichen M\u00fcnchens z\u00e4hlen das <strong>Neue Rathaus<\/strong> am Marienplatz mit dem ber\u00fchmten Glockenspiel, die imposante <strong>Frauenkirche<\/strong> mit ihren Zwiebelt\u00fcrmen und der weitl\u00e4ufige <strong>Englische Garten<\/strong>, eine der gr\u00f6\u00dften innerst\u00e4dtischen Parkanlagen der Welt. <br \/><br \/>Ebenfalls lohnenswert ist ein Spaziergang durch das moderne <strong>Olympiagel\u00e4nde<\/strong> oder ein Besuch des prachtvollen <strong>Schlosses Nymphenburg<\/strong>.<\/p><p>F\u00fcr Tipps zu Ausfl\u00fcgen und Aktivit\u00e4ten rund um M\u00fcnchen sehen Sie bitte in die Rubrik <strong>\u201e<a href=\"https:\/\/marias-inn.gaeste-mappe.de\/freizeitaktivitaeten\/\">Freizeitaktivit\u00e4ten<\/a>\u201c<\/strong>.<\/p><h3><span style=\"color: #4f4f4f;\"><strong>Kulinarisches M\u00fcnchen<\/strong><\/span><\/h3><p>M\u00fcnchen ist ber\u00fchmt f\u00fcr seine kulinarischen Gen\u00fcsse: von der traditionellen <strong>Wei\u00dfwurst mit Brezn und s\u00fc\u00dfem Senf<\/strong> \u00fcber herzhafte Schweinshaxn bis hin zu modernen Sternerestaurants. <br \/><br \/>Besonders beliebt sind die urigen <strong>Bierg\u00e4rten<\/strong>, in denen man unter Kastanienb\u00e4umen regionale Spezialit\u00e4ten und frisch gezapftes Bier genie\u00dfen kann. Wer es international mag, findet in der Stadt eine breite Auswahl an Restaurants und trendigen Caf\u00e9s.<\/p><h3><span style=\"color: #4f4f4f;\"><strong>Veranstaltungen &amp; Lebensgef\u00fchl<\/strong><\/span><\/h3><p>M\u00fcnchen ist bekannt f\u00fcr sein besonderes Lebensgef\u00fchl \u2013 eine Mischung aus Kultur, Geselligkeit und Weltoffenheit. Ber\u00fchmte Veranstaltungen wie das <strong>Oktoberfest<\/strong>, das gr\u00f6\u00dfte Volksfest der Welt, ziehen G\u00e4ste aus aller Herren L\u00e4nder an. <br \/><br \/>Aber auch im restlichen Jahr lohnt sich ein Blick auf das Veranstaltungsprogramm: von klassischen Konzerten \u00fcber Sportevents bis hin zu Stra\u00dfenfesten.<\/p><p>Weitere Informationen finden Sie in der Rubrik <strong>\u201e<a href=\"https:\/\/marias-inn.gaeste-mappe.de\/veranstaltungen\/\">Veranstaltungen<\/a>\u201c<\/strong>.<\/p><h3><span style=\"color: #4f4f4f;\"><strong>Anreise von Garching nach M\u00fcnchen<\/strong><\/span><\/h3><p>Dank der guten Verkehrsanbindung erreichen Sie die M\u00fcnchner Innenstadt schnell und bequem mit \u00f6ffentlichen Verkehrsmitteln. Von Garching aus gelangen Sie direkt mit der <strong>U-Bahn (U6)<\/strong> oder verschiedenen Busverbindungen in die Stadt. <br \/><br \/>Detaillierte Informationen zur besten Verbindung finden Sie in der Rubrik <strong>\u201e<a href=\"https:\/\/marias-inn.gaeste-mappe.de\/mobilitaet\/\">Mobilit\u00e4t<\/a>\u201c<\/strong>.<\/p><h3><span style=\"color: #4f4f4f;\"><strong>Fazit<\/strong><\/span><\/h3><p>Ob Kultur, Kulinarik oder bayerisches Lebensgef\u00fchl \u2013 M\u00fcnchen bietet unz\u00e4hlige M\u00f6glichkeiten f\u00fcr unvergessliche Erlebnisse. <br \/><br \/>Nutzen Sie die N\u00e4he von Garching zur Landeshauptstadt und entdecken Sie die Vielfalt dieser einzigartigen Metropole. <br \/><br \/>In dieser G\u00e4stemappe finden Sie unter den Rubriken <strong>\u201e<a href=\"https:\/\/marias-inn.gaeste-mappe.de\/freizeitaktivitaeten\/\">Freizeitaktivit\u00e4ten<\/a>\u201c<\/strong>, <strong>\u201e<a href=\"https:\/\/marias-inn.gaeste-mappe.de\/veranstaltungen\/\">Veranstaltungen<\/a>\u201c<\/strong> und <strong>\u201e<a href=\"https:\/\/marias-inn.gaeste-mappe.de\/mobilitaet\/\">Mobilit\u00e4t<\/a>\u201c<\/strong> weitere praktische Informationen, die Ihnen bei der Planung Ihres Ausflugs helfen. <br \/><br \/>Wir w\u00fcnschen Ihnen viel Freude beim Erkunden von M\u00fcnchen!<\/p>\t\t\t\t\t\t\t\t<\/div>\n\t\t\t\t<\/div>\n\t\t\t\t\t<\/div>\n\t\t<\/div>\n\t\t\t\t\t<\/div>\n\t\t<\/section>\n\t\t\t\t<\/div>\n\t\t","protected":false},"excerpt":{"rendered":"<p>M\u00fcnchen Drei Videos f\u00fcr einen ersten Eindruck Playlist 3 Videos Die Altsadt 02:05 Kunst &#038; Entspannung 05:55 Kultur &#038; Olympia 07:21 M\u00fcnchen \u2013 Die Weltstadt mit Herz M\u00fcnchen, die bayerische Landeshauptstadt, ist nur einen Katzensprung von Garching entfernt und z\u00e4hlt zu den beliebtesten Reisezielen Europas. Die Stadt vereint Tradition und Moderne, bayerische Gem\u00fctlichkeit und internationale [&hellip;]<\/p>\n","protected":false},"author":2,"featured_media":0,"parent":0,"menu_order":0,"comment_status":"closed","ping_status":"closed","template":"","meta":{"site-sidebar-layout":"no-sidebar","site-content-layout":"page-builder","ast-site-content-layout":"full-width-container","site-content-style":"default","site-sidebar-style":"default","ast-global-header-display":"","ast-banner-title-visibility":"","ast-main-header-display":"","ast-hfb-above-header-display":"","ast-hfb-below-header-display":"","ast-hfb-mobile-header-display":"","site-post-title":"disabled","ast-breadcrumbs-content":"","ast-featured-img":"disabled","footer-sml-layout":"","ast-disable-related-posts":"","theme-transparent-header-meta":"","adv-header-id-meta":"","stick-header-meta":"","header-above-stick-meta":"","header-main-stick-meta":"","header-below-stick-meta":"","astra-migrate-meta-layouts":"set","ast-page-background-enabled":"default","ast-page-background-meta":{"desktop":{"background-color":"var(--ast-global-color-4)","background-image":"","background-repeat":"repeat","background-position":"center center","background-size":"auto","background-attachment":"scroll","background-type":"","background-media":"","overlay-type":"","overlay-color":"","overlay-opacity":"","overlay-gradient":""},"tablet":{"background-color":"","background-image":"","background-repeat":"repeat","background-position":"center center","background-size":"auto","background-attachment":"scroll","background-type":"","background-media":"","overlay-type":"","overlay-color":"","overlay-opacity":"","overlay-gradient":""},"mobile":{"background-color":"","background-image":"","background-repeat":"repeat","background-position":"center center","background-size":"auto","background-attachment":"scroll","background-type":"","background-media":"","overlay-type":"","overlay-color":"","overlay-opacity":"","overlay-gradient":""}},"ast-content-background-meta":{"desktop":{"background-color":"var(--ast-global-color-5)","background-image":"","background-repeat":"repeat","background-position":"center center","background-size":"auto","background-attachment":"scroll","background-type":"","background-media":"","overlay-type":"","overlay-color":"","overlay-opacity":"","overlay-gradient":""},"tablet":{"background-color":"var(--ast-global-color-5)","background-image":"","background-repeat":"repeat","background-position":"center center","background-size":"auto","background-attachment":"scroll","background-type":"","background-media":"","overlay-type":"","overlay-color":"","overlay-opacity":"","overlay-gradient":""},"mobile":{"background-color":"var(--ast-global-color-5)","background-image":"","background-repeat":"repeat","background-position":"center center","background-size":"auto","background-attachment":"scroll","background-type":"","background-media":"","overlay-type":"","overlay-color":"","overlay-opacity":"","overlay-gradient":""}},"_glsr_average":0,"_glsr_ranking":0,"_glsr_reviews":0,"footnotes":""},"class_list":["post-12560","page","type-page","status-publish","hentry"],"_links":{"self":[{"href":"https:\/\/marias-inn.gaeste-mappe.de\/en\/wp-json\/wp\/v2\/pages\/12560","targetHints":{"allow":["GET"]}}],"collection":[{"href":"https:\/\/marias-inn.gaeste-mappe.de\/en\/wp-json\/wp\/v2\/pages"}],"about":[{"href":"https:\/\/marias-inn.gaeste-mappe.de\/en\/wp-json\/wp\/v2\/types\/page"}],"author":[{"embeddable":true,"href":"https:\/\/marias-inn.gaeste-mappe.de\/en\/wp-json\/wp\/v2\/users\/2"}],"replies":[{"embeddable":true,"href":"https:\/\/marias-inn.gaeste-mappe.de\/en\/wp-json\/wp\/v2\/comments?post=12560"}],"version-history":[{"count":51,"href":"https:\/\/marias-inn.gaeste-mappe.de\/en\/wp-json\/wp\/v2\/pages\/12560\/revisions"}],"predecessor-version":[{"id":14192,"href":"https:\/\/marias-inn.gaeste-mappe.de\/en\/wp-json\/wp\/v2\/pages\/12560\/revisions\/14192"}],"wp:attachment":[{"href":"https:\/\/marias-inn.gaeste-mappe.de\/en\/wp-json\/wp\/v2\/media?parent=12560"}],"curies":[{"name":"wp","href":"https:\/\/api.w.org\/{rel}","templated":true}]}}